{"id":3800,"date":"2016-08-10T16:51:21","date_gmt":"2016-08-10T14:51:21","guid":{"rendered":"https:\/\/urlaub-in-waldkirchen.de\/cs\/zimni-stadion\/kontakt-und-anfahrt\/"},"modified":"2024-10-07T09:39:19","modified_gmt":"2024-10-07T07:39:19","slug":"kontakty-a-prijezd-zimni-stadion-karoli","status":"publish","type":"page","link":"https:\/\/urlaub-in-waldkirchen.de\/cs\/zimni-stadion\/kontakty-a-prijezd-zimni-stadion-karoli\/","title":{"rendered":"Kontakty a p\u0159\u00edjezd &#8211; Zimn\u00ed stadion Karoli"},"content":{"rendered":"<div class=\"wpb-content-wrapper\"><p>[vc_row][vc_column][vc_empty_space height=&#8220;20px&#8220;][vc_column_text]<\/p>\n<h1>Die Karoli-Eissporthalle &#8211;\u00a0Kontakt und Anfahrt<\/h1>\n<p>[\/vc_column_text][\/vc_column][\/vc_row][vc_row][vc_column width=&#8220;1\/3&#8243;][vc_column_text css=&#8220;&#8220;]<\/p>\n<h4><span style=\"color: #95c11f;\">Kontakt<\/span><\/h4>\n<p><strong>Anschrift:<\/strong><\/p>\n<p>Karoli-Eishalle<br \/>\nVdK-Heim-Str. 1<br \/>\n94065 Waldkirchen<br \/>\nTel.: 08581\/9869915<\/p>\n<p><strong>Betriebsleitung Karoli-Eishalle:<\/strong><\/p>\n<p>Tobias Schwarzmann<br \/>\nTel.: 08581\/202-64<br \/>\nFax: 08581\/202-13<br \/>\nMail:\u00a0 <a href=\"mailto:tobias.schwarzmann@stadtwerke-waldkirchen.de\">tobias.schwarzmann@stadtwerke-waldkirchen.de<\/a>[\/vc_column_text][\/vc_column][vc_column width=&#8220;2\/3&#8243;][vc_column_text]<\/p>\n<h4><span style=\"color: #95c11f;\">Anfahrt<\/span><\/h4>\n<p><iframe loading=\"lazy\" style=\"border: 0;\" src=\"https:\/\/www.google.com\/maps\/embed?pb=!1m18!1m12!1m3!1d1316.0931499858348!2d13.603185658298324!3d48.721031764341824!2m3!1f0!2f0!3f0!3m2!1i1024!2i768!4f13.1!3m3!1m2!1s0x4774f281ff70b57d%3A0x49032f550db06c91!2sWaldkirchen+Eisstadion!5e0!3m2!1sde!2sde!4v1470841100235\" width=\"800\" height=\"400\" frameborder=\"0\" allowfullscreen=\"allowfullscreen\"><\/iframe>[\/vc_column_text][\/vc_column][\/vc_row][vc_row][vc_column][vc_separator color=&#8220;custom&#8220; accent_color=&#8220;#95c11f&#8220;][vc_btn title=&#8220;zur\u00fcck zur \u00dcbersicht&#8220; shape=&#8220;square&#8220; color=&#8220;green&#8220; size=&#8220;sm&#8220; align=&#8220;right&#8220; link=&#8220;url:http%3A%2F%2Furlaub-in-waldkirchen.de%2Feishalle%2F|&#8220;][\/vc_column][\/vc_row]<\/p>\n<\/div>","protected":false},"excerpt":{"rendered":"<p>[vc_row][vc_column][vc_empty_space height=&#8220;20px&#8220;][vc_column_text] Die Karoli-Eissporthalle &#8211;\u00a0Kontakt und Anfahrt [\/vc_column_text][\/vc_column][\/vc_row][vc_row][vc_column width=&#8220;1\/3&#8243;][vc_column_text css=&#8220;&#8220;] Kontakt Anschrift: Karoli-Eishalle VdK-Heim-Str. 1 94065 Waldkirchen Tel.: 08581\/9869915 Betriebsleitung Karoli-Eishalle: Tobias Schwarzmann Tel.: 08581\/202-64 Fax:<span class=\"excerpt-hellip\"> [\u2026]<\/span><\/p>\n","protected":false},"author":2,"featured_media":0,"parent":3669,"menu_order":0,"comment_status":"closed","ping_status":"closed","template":"","meta":{"footnotes":""},"class_list":["post-3800","page","type-page","status-publish","hentry"],"yoast_head":"<!-- This site is optimized with the Yoast SEO plugin v27.3 - https:\/\/yoast.com\/product\/yoast-seo-wordpress\/ -->\n<title>Kontakty a p\u0159\u00edjezd - Zimn\u00ed stadion Karoli - urlaub-in-waldkirchen.de<\/title>\n<meta name=\"description\" content=\"Zimn\u00ed stadion Karoli \u2013 kontakty a p\u0159\u00edjezd\" \/>\n<meta name=\"robots\" content=\"index, follow, max-snippet:-1, max-image-preview:large, max-video-preview:-1\" \/>\n<link rel=\"canonical\" href=\"https:\/\/urlaub-in-waldkirchen.de\/cs\/zimni-stadion\/kontakty-a-prijezd-zimni-stadion-karoli\/\" \/>\n<meta property=\"og:locale\" content=\"cs_CZ\" \/>\n<meta property=\"og:type\" content=\"article\" \/>\n<meta property=\"og:title\" content=\"Kontakty a p\u0159\u00edjezd - Zimn\u00ed stadion Karoli - urlaub-in-waldkirchen.de\" \/>\n<meta property=\"og:description\" content=\"Zimn\u00ed stadion Karoli \u2013 kontakty a p\u0159\u00edjezd\" \/>\n<meta property=\"og:url\" content=\"https:\/\/urlaub-in-waldkirchen.de\/cs\/zimni-stadion\/kontakty-a-prijezd-zimni-stadion-karoli\/\" \/>\n<meta property=\"og:site_name\" content=\"urlaub-in-waldkirchen.de\" \/>\n<meta property=\"article:modified_time\" content=\"2024-10-07T07:39:19+00:00\" \/>\n<meta name=\"twitter:card\" content=\"summary_large_image\" \/>\n<meta name=\"twitter:label1\" content=\"Odhadovan\u00e1 doba \u010dten\u00ed\" \/>\n\t<meta name=\"twitter:data1\" content=\"1 minuta\" \/>\n<script type=\"application\/ld+json\" class=\"yoast-schema-graph\">{\"@context\":\"https:\\\/\\\/schema.org\",\"@graph\":[{\"@type\":\"WebPage\",\"@id\":\"https:\\\/\\\/urlaub-in-waldkirchen.de\\\/cs\\\/zimni-stadion\\\/kontakty-a-prijezd-zimni-stadion-karoli\\\/\",\"url\":\"https:\\\/\\\/urlaub-in-waldkirchen.de\\\/cs\\\/zimni-stadion\\\/kontakty-a-prijezd-zimni-stadion-karoli\\\/\",\"name\":\"Kontakty a p\u0159\u00edjezd - Zimn\u00ed stadion Karoli - urlaub-in-waldkirchen.de\",\"isPartOf\":{\"@id\":\"https:\\\/\\\/urlaub-in-waldkirchen.de\\\/#website\"},\"datePublished\":\"2016-08-10T14:51:21+00:00\",\"dateModified\":\"2024-10-07T07:39:19+00:00\",\"description\":\"Zimn\u00ed stadion Karoli \u2013 kontakty a p\u0159\u00edjezd\",\"breadcrumb\":{\"@id\":\"https:\\\/\\\/urlaub-in-waldkirchen.de\\\/cs\\\/zimni-stadion\\\/kontakty-a-prijezd-zimni-stadion-karoli\\\/#breadcrumb\"},\"inLanguage\":\"cs\",\"potentialAction\":[{\"@type\":\"ReadAction\",\"target\":[\"https:\\\/\\\/urlaub-in-waldkirchen.de\\\/cs\\\/zimni-stadion\\\/kontakty-a-prijezd-zimni-stadion-karoli\\\/\"]}]},{\"@type\":\"BreadcrumbList\",\"@id\":\"https:\\\/\\\/urlaub-in-waldkirchen.de\\\/cs\\\/zimni-stadion\\\/kontakty-a-prijezd-zimni-stadion-karoli\\\/#breadcrumb\",\"itemListElement\":[{\"@type\":\"ListItem\",\"position\":1,\"name\":\"Startseite\",\"item\":\"https:\\\/\\\/urlaub-in-waldkirchen.de\\\/cs\\\/\"},{\"@type\":\"ListItem\",\"position\":2,\"name\":\"ZIMN\u00cd STADION\",\"item\":\"https:\\\/\\\/urlaub-in-waldkirchen.de\\\/cs\\\/zimni-stadion\\\/\"},{\"@type\":\"ListItem\",\"position\":3,\"name\":\"Kontakty a p\u0159\u00edjezd &#8211; Zimn\u00ed stadion Karoli\"}]},{\"@type\":\"WebSite\",\"@id\":\"https:\\\/\\\/urlaub-in-waldkirchen.de\\\/#website\",\"url\":\"https:\\\/\\\/urlaub-in-waldkirchen.de\\\/\",\"name\":\"urlaub-in-waldkirchen.de\",\"description\":\"\",\"potentialAction\":[{\"@type\":\"SearchAction\",\"target\":{\"@type\":\"EntryPoint\",\"urlTemplate\":\"https:\\\/\\\/urlaub-in-waldkirchen.de\\\/?s={search_term_string}\"},\"query-input\":{\"@type\":\"PropertyValueSpecification\",\"valueRequired\":true,\"valueName\":\"search_term_string\"}}],\"inLanguage\":\"cs\"}]}<\/script>\n<!-- \/ Yoast SEO plugin. -->","yoast_head_json":{"title":"Kontakty a p\u0159\u00edjezd - Zimn\u00ed stadion Karoli - urlaub-in-waldkirchen.de","description":"Zimn\u00ed stadion Karoli \u2013 kontakty a p\u0159\u00edjezd","robots":{"index":"index","follow":"follow","max-snippet":"max-snippet:-1","max-image-preview":"max-image-preview:large","max-video-preview":"max-video-preview:-1"},"canonical":"https:\/\/urlaub-in-waldkirchen.de\/cs\/zimni-stadion\/kontakty-a-prijezd-zimni-stadion-karoli\/","og_locale":"cs_CZ","og_type":"article","og_title":"Kontakty a p\u0159\u00edjezd - Zimn\u00ed stadion Karoli - urlaub-in-waldkirchen.de","og_description":"Zimn\u00ed stadion Karoli \u2013 kontakty a p\u0159\u00edjezd","og_url":"https:\/\/urlaub-in-waldkirchen.de\/cs\/zimni-stadion\/kontakty-a-prijezd-zimni-stadion-karoli\/","og_site_name":"urlaub-in-waldkirchen.de","article_modified_time":"2024-10-07T07:39:19+00:00","twitter_card":"summary_large_image","twitter_misc":{"Odhadovan\u00e1 doba \u010dten\u00ed":"1 minuta"},"schema":{"@context":"https:\/\/schema.org","@graph":[{"@type":"WebPage","@id":"https:\/\/urlaub-in-waldkirchen.de\/cs\/zimni-stadion\/kontakty-a-prijezd-zimni-stadion-karoli\/","url":"https:\/\/urlaub-in-waldkirchen.de\/cs\/zimni-stadion\/kontakty-a-prijezd-zimni-stadion-karoli\/","name":"Kontakty a p\u0159\u00edjezd - Zimn\u00ed stadion Karoli - urlaub-in-waldkirchen.de","isPartOf":{"@id":"https:\/\/urlaub-in-waldkirchen.de\/#website"},"datePublished":"2016-08-10T14:51:21+00:00","dateModified":"2024-10-07T07:39:19+00:00","description":"Zimn\u00ed stadion Karoli \u2013 kontakty a p\u0159\u00edjezd","breadcrumb":{"@id":"https:\/\/urlaub-in-waldkirchen.de\/cs\/zimni-stadion\/kontakty-a-prijezd-zimni-stadion-karoli\/#breadcrumb"},"inLanguage":"cs","potentialAction":[{"@type":"ReadAction","target":["https:\/\/urlaub-in-waldkirchen.de\/cs\/zimni-stadion\/kontakty-a-prijezd-zimni-stadion-karoli\/"]}]},{"@type":"BreadcrumbList","@id":"https:\/\/urlaub-in-waldkirchen.de\/cs\/zimni-stadion\/kontakty-a-prijezd-zimni-stadion-karoli\/#breadcrumb","itemListElement":[{"@type":"ListItem","position":1,"name":"Startseite","item":"https:\/\/urlaub-in-waldkirchen.de\/cs\/"},{"@type":"ListItem","position":2,"name":"ZIMN\u00cd STADION","item":"https:\/\/urlaub-in-waldkirchen.de\/cs\/zimni-stadion\/"},{"@type":"ListItem","position":3,"name":"Kontakty a p\u0159\u00edjezd &#8211; Zimn\u00ed stadion Karoli"}]},{"@type":"WebSite","@id":"https:\/\/urlaub-in-waldkirchen.de\/#website","url":"https:\/\/urlaub-in-waldkirchen.de\/","name":"urlaub-in-waldkirchen.de","description":"","potentialAction":[{"@type":"SearchAction","target":{"@type":"EntryPoint","urlTemplate":"https:\/\/urlaub-in-waldkirchen.de\/?s={search_term_string}"},"query-input":{"@type":"PropertyValueSpecification","valueRequired":true,"valueName":"search_term_string"}}],"inLanguage":"cs"}]}},"_links":{"self":[{"href":"https:\/\/urlaub-in-waldkirchen.de\/cs\/wp-json\/wp\/v2\/pages\/3800","targetHints":{"allow":["GET"]}}],"collection":[{"href":"https:\/\/urlaub-in-waldkirchen.de\/cs\/wp-json\/wp\/v2\/pages"}],"about":[{"href":"https:\/\/urlaub-in-waldkirchen.de\/cs\/wp-json\/wp\/v2\/types\/page"}],"author":[{"embeddable":true,"href":"https:\/\/urlaub-in-waldkirchen.de\/cs\/wp-json\/wp\/v2\/users\/2"}],"replies":[{"embeddable":true,"href":"https:\/\/urlaub-in-waldkirchen.de\/cs\/wp-json\/wp\/v2\/comments?post=3800"}],"version-history":[{"count":1,"href":"https:\/\/urlaub-in-waldkirchen.de\/cs\/wp-json\/wp\/v2\/pages\/3800\/revisions"}],"predecessor-version":[{"id":7689,"href":"https:\/\/urlaub-in-waldkirchen.de\/cs\/wp-json\/wp\/v2\/pages\/3800\/revisions\/7689"}],"up":[{"embeddable":true,"href":"https:\/\/urlaub-in-waldkirchen.de\/cs\/wp-json\/wp\/v2\/pages\/3669"}],"wp:attachment":[{"href":"https:\/\/urlaub-in-waldkirchen.de\/cs\/wp-json\/wp\/v2\/media?parent=3800"}],"curies":[{"name":"wp","href":"https:\/\/api.w.org\/{rel}","templated":true}]}}