{"id":1338,"date":"2016-05-10T10:39:41","date_gmt":"2016-05-10T08:39:41","guid":{"rendered":"https:\/\/urlaub-in-waldkirchen.de\/en\/leisure-and-recreation\/schnapsmuseum\/"},"modified":"2025-02-13T16:35:32","modified_gmt":"2025-02-13T15:35:32","slug":"schnapps-museum","status":"publish","type":"page","link":"https:\/\/urlaub-in-waldkirchen.de\/en\/leisure-and-recreation\/schnapps-museum\/","title":{"rendered":"Schnapps Museum"},"content":{"rendered":"<div class=\"wpb-content-wrapper\"><p>[vc_row][vc_column][vc_empty_space height=&#8221;20px&#8221;][vc_column_text css=&#8221;&#8221;]<\/p>\n<h1>Penninger Besucherzentrum Waldkirchen<\/h1>\n<p>Ausstellung | Schaubrennerei | Erlebnisf\u00fchrungen | Kaffeer\u00f6sterei | Whiskydestillerie | Shop | Gastronomie[\/vc_column_text][\/vc_column][\/vc_row][vc_row][vc_column][vc_column_text css=&#8221;&#8221;]<\/p>\n<p style=\"text-align: left;\">Die 1905 gegr\u00fcndete Hausbrennerei Penninger ist seit jeher in Familienhand und stellt seit mehr als hundert Jahren genussvolle Br\u00e4nde, Geiste und Lik\u00f6re her. Bekannt ist das Traditionsunternehmen vor allem f\u00fcr den Kr\u00e4uterlik\u00f6r Blutwurz. Aber auch internationale Spirituosenkategorien wie Gin, Rum und Whisky findet man bei der Hausbrennerei. Am Stammsitz in Waldkirchen dreht sich auch im integrierten Besucherzentrum alles um Genussmomente.<\/p>\n<p style=\"text-align: left;\">Das Besucherzentrum mit Brasserie, Ausstellung und Kino ist kostenlos zu besichtigen. In der Ausstellung erfahren Besucher mehr \u00fcber die Geschichte der Spirituosenherstellung, Rohstoffe und deren Verarbeitung. Im gem\u00fctlichen Kino wird ein Film zur Geschichte der Hausbrennerei Penninger gezeigt. Hausgemachte Kuchen und warme Gerichte gibt es in der Brasserie \u201eSchrot und Spelzen\u201c. Dabei werden die Bohnen f\u00fcr die dort angebotenen Kaffeespezialit\u00e4ten direkt nebenan ger\u00f6stet. Die Kaffeer\u00f6stung kann einmal in der Woche ebenfalls besichtigt werden.<\/p>\n<p style=\"text-align: left;\">Highlight ist die Brennerei Tour durch den gesamten Betrieb, bei dem die Besucher mehr \u00fcber die Herstellung ihrer Penninger-Lieblinge erfahren \u2013 vom Blutwurz bis zum Penninger Branntwein-Essig. Die neue Brennerei ist auch f\u00fcr die Herstellung von Whisky ausgelegt. Das Whisky-Fasslager, in dem bereits F\u00e4sser mit verschiedenen Whisk(e)ys lagern, kann im Rahmen der gef\u00fchrten Tour ebenfalls besichtigt werden. Tickets f\u00fcr die Brennerei Tour k\u00f6nnen online gebucht werden.<\/p>\n<p style=\"text-align: left;\">Nach mindestens dreij\u00e4hriger Reifung steht der selbstdestillierte Penninger Whisky in den Regalen. So auch im Shop des Besucherzentrums, wo alle Spezialit\u00e4ten der Hausbrennerei verkostet werden k\u00f6nnen. Die fachkundigen Verk\u00e4uferinnen helfen auf der Suche nach dem Penninger-Liebling f\u00fcr den perfekten Genussmoment gerne weiter<\/p>\n<p>&nbsp;<\/p>\n<p><strong>Kontakt<\/strong><\/p>\n<p>Penninger Waldkirchen<br \/>\nSa\u00dfbach 2<br \/>\n94065 Waldkirchen<br \/>\nTel. 08581-98426-18<br \/>\nE-Mail: waldkirchen@penninger.de<br \/>\nWebsite: <a href=\"http:\/\/www.penninger.de\/besucherzentrum\">www.penninger.de\/besucherzentrum<\/a><\/p>\n<p>&nbsp;<\/p>\n<p><strong>\u00d6ffnungszeiten<\/strong><\/p>\n<p>Besucherzentrum:<br \/>\nMo &#8211; Sa: 10 bis 18 Uhr<br \/>\nSchrot und Spelzen:<br \/>\nMo &#8211; Sa: 10 bis 18 Uhr<\/p>\n<p>Der Eintritt in das Besucherzentrum ist kostenlos.<br \/>\nF\u00fcr die Brennerei Tour wird ein Ticket ben\u00f6tigt, das vorab online gebucht werden kann unter<br \/>\n<a href=\"http:\/\/www.penninger.de\/brennerei-tour\">www.penninger.de\/brennerei-tour<\/a>[\/vc_column_text][\/vc_column][\/vc_row][vc_row][vc_column][vc_masonry_media_grid element_width=&#8221;3&#8243; grid_id=&#8221;vc_gid:1739460092586-dfbbea6c-ec1d-1&#8243; include=&#8221;5514,5515,5516,5519&#8243;][\/vc_column][\/vc_row][vc_row][vc_column][vc_separator color=&#8221;custom&#8221; accent_color=&#8221;#95c11f&#8221;][vc_btn title=&#8221;zur\u00fcck zur \u00dcbersicht&#8221; shape=&#8221;square&#8221; color=&#8221;green&#8221; size=&#8221;sm&#8221; align=&#8221;right&#8221; link=&#8221;url:http%3A%2F%2Furlaub-in-waldkirchen.de%2Ffreizeit-uebersicht%2F|&#8221;][\/vc_column][\/vc_row]<\/p>\n<\/div>","protected":false},"excerpt":{"rendered":"<p>[vc_row][vc_column][vc_empty_space height=&#8221;20px&#8221;][vc_column_text css=&#8221;&#8221;] Penninger Besucherzentrum Waldkirchen Ausstellung | Schaubrennerei | Erlebnisf\u00fchrungen | Kaffeer\u00f6sterei | Whiskydestillerie | Shop | Gastronomie[\/vc_column_text][\/vc_column][\/vc_row][vc_row][vc_column][vc_column_text css=&#8221;&#8221;] Die 1905 gegr\u00fcndete Hausbrennerei Penninger ist<span class=\"excerpt-hellip\"> [\u2026]<\/span><\/p>\n","protected":false},"author":2,"featured_media":0,"parent":1172,"menu_order":0,"comment_status":"closed","ping_status":"closed","template":"","meta":{"footnotes":""},"class_list":["post-1338","page","type-page","status-publish","hentry"],"yoast_head":"<!-- This site is optimized with the Yoast SEO plugin v27.3 - https:\/\/yoast.com\/product\/yoast-seo-wordpress\/ -->\n<title>Schnapps Museum - urlaub-in-waldkirchen.de<\/title>\n<meta name=\"description\" content=\"On two floors, the Penninger schnapps museum showcases precious exhibits from the early years of the \u201aAlte Hausbrennerei Penninger\u2019 as well as hard liquor specialities from Bavaria and Austria. An adjacent lovely little herb garden is the perfect place to relax.\" \/>\n<meta name=\"robots\" content=\"index, follow, max-snippet:-1, max-image-preview:large, max-video-preview:-1\" \/>\n<link rel=\"canonical\" href=\"https:\/\/urlaub-in-waldkirchen.de\/en\/leisure-and-recreation\/schnapps-museum\/\" \/>\n<meta property=\"og:locale\" content=\"en_US\" \/>\n<meta property=\"og:type\" content=\"article\" \/>\n<meta property=\"og:title\" content=\"Schnapps Museum - urlaub-in-waldkirchen.de\" \/>\n<meta property=\"og:description\" content=\"On two floors, the Penninger schnapps museum showcases precious exhibits from the early years of the \u201aAlte Hausbrennerei Penninger\u2019 as well as hard liquor specialities from Bavaria and Austria. An adjacent lovely little herb garden is the perfect place to relax.\" \/>\n<meta property=\"og:url\" content=\"https:\/\/urlaub-in-waldkirchen.de\/en\/leisure-and-recreation\/schnapps-museum\/\" \/>\n<meta property=\"og:site_name\" content=\"urlaub-in-waldkirchen.de\" \/>\n<meta property=\"article:modified_time\" content=\"2025-02-13T15:35:32+00:00\" \/>\n<meta name=\"twitter:card\" content=\"summary_large_image\" \/>\n<meta name=\"twitter:label1\" content=\"Est. reading time\" \/>\n\t<meta name=\"twitter:data1\" content=\"2 minutes\" \/>\n<script type=\"application\/ld+json\" class=\"yoast-schema-graph\">{\"@context\":\"https:\\\/\\\/schema.org\",\"@graph\":[{\"@type\":\"WebPage\",\"@id\":\"https:\\\/\\\/urlaub-in-waldkirchen.de\\\/en\\\/leisure-and-recreation\\\/schnapps-museum\\\/\",\"url\":\"https:\\\/\\\/urlaub-in-waldkirchen.de\\\/en\\\/leisure-and-recreation\\\/schnapps-museum\\\/\",\"name\":\"Schnapps Museum - urlaub-in-waldkirchen.de\",\"isPartOf\":{\"@id\":\"https:\\\/\\\/urlaub-in-waldkirchen.de\\\/#website\"},\"datePublished\":\"2016-05-10T08:39:41+00:00\",\"dateModified\":\"2025-02-13T15:35:32+00:00\",\"description\":\"On two floors, the Penninger schnapps museum showcases precious exhibits from the early years of the \u201aAlte Hausbrennerei Penninger\u2019 as well as hard liquor specialities from Bavaria and Austria. An adjacent lovely little herb garden is the perfect place to relax.\",\"breadcrumb\":{\"@id\":\"https:\\\/\\\/urlaub-in-waldkirchen.de\\\/en\\\/leisure-and-recreation\\\/schnapps-museum\\\/#breadcrumb\"},\"inLanguage\":\"en-US\",\"potentialAction\":[{\"@type\":\"ReadAction\",\"target\":[\"https:\\\/\\\/urlaub-in-waldkirchen.de\\\/en\\\/leisure-and-recreation\\\/schnapps-museum\\\/\"]}]},{\"@type\":\"BreadcrumbList\",\"@id\":\"https:\\\/\\\/urlaub-in-waldkirchen.de\\\/en\\\/leisure-and-recreation\\\/schnapps-museum\\\/#breadcrumb\",\"itemListElement\":[{\"@type\":\"ListItem\",\"position\":1,\"name\":\"Startseite\",\"item\":\"https:\\\/\\\/urlaub-in-waldkirchen.de\\\/en\\\/\"},{\"@type\":\"ListItem\",\"position\":2,\"name\":\"Leisure and Recreation\",\"item\":\"https:\\\/\\\/urlaub-in-waldkirchen.de\\\/en\\\/leisure-and-recreation\\\/\"},{\"@type\":\"ListItem\",\"position\":3,\"name\":\"Schnapps Museum\"}]},{\"@type\":\"WebSite\",\"@id\":\"https:\\\/\\\/urlaub-in-waldkirchen.de\\\/#website\",\"url\":\"https:\\\/\\\/urlaub-in-waldkirchen.de\\\/\",\"name\":\"urlaub-in-waldkirchen.de\",\"description\":\"\",\"potentialAction\":[{\"@type\":\"SearchAction\",\"target\":{\"@type\":\"EntryPoint\",\"urlTemplate\":\"https:\\\/\\\/urlaub-in-waldkirchen.de\\\/?s={search_term_string}\"},\"query-input\":{\"@type\":\"PropertyValueSpecification\",\"valueRequired\":true,\"valueName\":\"search_term_string\"}}],\"inLanguage\":\"en-US\"}]}<\/script>\n<!-- \/ Yoast SEO plugin. -->","yoast_head_json":{"title":"Schnapps Museum - urlaub-in-waldkirchen.de","description":"On two floors, the Penninger schnapps museum showcases precious exhibits from the early years of the \u201aAlte Hausbrennerei Penninger\u2019 as well as hard liquor specialities from Bavaria and Austria. An adjacent lovely little herb garden is the perfect place to relax.","robots":{"index":"index","follow":"follow","max-snippet":"max-snippet:-1","max-image-preview":"max-image-preview:large","max-video-preview":"max-video-preview:-1"},"canonical":"https:\/\/urlaub-in-waldkirchen.de\/en\/leisure-and-recreation\/schnapps-museum\/","og_locale":"en_US","og_type":"article","og_title":"Schnapps Museum - urlaub-in-waldkirchen.de","og_description":"On two floors, the Penninger schnapps museum showcases precious exhibits from the early years of the \u201aAlte Hausbrennerei Penninger\u2019 as well as hard liquor specialities from Bavaria and Austria. An adjacent lovely little herb garden is the perfect place to relax.","og_url":"https:\/\/urlaub-in-waldkirchen.de\/en\/leisure-and-recreation\/schnapps-museum\/","og_site_name":"urlaub-in-waldkirchen.de","article_modified_time":"2025-02-13T15:35:32+00:00","twitter_card":"summary_large_image","twitter_misc":{"Est. reading time":"2 minutes"},"schema":{"@context":"https:\/\/schema.org","@graph":[{"@type":"WebPage","@id":"https:\/\/urlaub-in-waldkirchen.de\/en\/leisure-and-recreation\/schnapps-museum\/","url":"https:\/\/urlaub-in-waldkirchen.de\/en\/leisure-and-recreation\/schnapps-museum\/","name":"Schnapps Museum - urlaub-in-waldkirchen.de","isPartOf":{"@id":"https:\/\/urlaub-in-waldkirchen.de\/#website"},"datePublished":"2016-05-10T08:39:41+00:00","dateModified":"2025-02-13T15:35:32+00:00","description":"On two floors, the Penninger schnapps museum showcases precious exhibits from the early years of the \u201aAlte Hausbrennerei Penninger\u2019 as well as hard liquor specialities from Bavaria and Austria. An adjacent lovely little herb garden is the perfect place to relax.","breadcrumb":{"@id":"https:\/\/urlaub-in-waldkirchen.de\/en\/leisure-and-recreation\/schnapps-museum\/#breadcrumb"},"inLanguage":"en-US","potentialAction":[{"@type":"ReadAction","target":["https:\/\/urlaub-in-waldkirchen.de\/en\/leisure-and-recreation\/schnapps-museum\/"]}]},{"@type":"BreadcrumbList","@id":"https:\/\/urlaub-in-waldkirchen.de\/en\/leisure-and-recreation\/schnapps-museum\/#breadcrumb","itemListElement":[{"@type":"ListItem","position":1,"name":"Startseite","item":"https:\/\/urlaub-in-waldkirchen.de\/en\/"},{"@type":"ListItem","position":2,"name":"Leisure and Recreation","item":"https:\/\/urlaub-in-waldkirchen.de\/en\/leisure-and-recreation\/"},{"@type":"ListItem","position":3,"name":"Schnapps Museum"}]},{"@type":"WebSite","@id":"https:\/\/urlaub-in-waldkirchen.de\/#website","url":"https:\/\/urlaub-in-waldkirchen.de\/","name":"urlaub-in-waldkirchen.de","description":"","potentialAction":[{"@type":"SearchAction","target":{"@type":"EntryPoint","urlTemplate":"https:\/\/urlaub-in-waldkirchen.de\/?s={search_term_string}"},"query-input":{"@type":"PropertyValueSpecification","valueRequired":true,"valueName":"search_term_string"}}],"inLanguage":"en-US"}]}},"_links":{"self":[{"href":"https:\/\/urlaub-in-waldkirchen.de\/en\/wp-json\/wp\/v2\/pages\/1338","targetHints":{"allow":["GET"]}}],"collection":[{"href":"https:\/\/urlaub-in-waldkirchen.de\/en\/wp-json\/wp\/v2\/pages"}],"about":[{"href":"https:\/\/urlaub-in-waldkirchen.de\/en\/wp-json\/wp\/v2\/types\/page"}],"author":[{"embeddable":true,"href":"https:\/\/urlaub-in-waldkirchen.de\/en\/wp-json\/wp\/v2\/users\/2"}],"replies":[{"embeddable":true,"href":"https:\/\/urlaub-in-waldkirchen.de\/en\/wp-json\/wp\/v2\/comments?post=1338"}],"version-history":[{"count":2,"href":"https:\/\/urlaub-in-waldkirchen.de\/en\/wp-json\/wp\/v2\/pages\/1338\/revisions"}],"predecessor-version":[{"id":7815,"href":"https:\/\/urlaub-in-waldkirchen.de\/en\/wp-json\/wp\/v2\/pages\/1338\/revisions\/7815"}],"up":[{"embeddable":true,"href":"https:\/\/urlaub-in-waldkirchen.de\/en\/wp-json\/wp\/v2\/pages\/1172"}],"wp:attachment":[{"href":"https:\/\/urlaub-in-waldkirchen.de\/en\/wp-json\/wp\/v2\/media?parent=1338"}],"curies":[{"name":"wp","href":"https:\/\/api.w.org\/{rel}","templated":true}]}}