{"id":1713,"date":"2016-04-29T14:32:34","date_gmt":"2016-04-29T12:32:34","guid":{"rendered":"https:\/\/urlaub-in-waldkirchen.de\/en\/arts-and-culture\/kuenstler-kunstfoerderer\/"},"modified":"2016-06-28T11:29:27","modified_gmt":"2016-06-28T09:29:27","slug":"artists-and-art-friends","status":"publish","type":"page","link":"https:\/\/urlaub-in-waldkirchen.de\/en\/arts-and-culture-2\/artists-and-art-friends\/","title":{"rendered":"Artists and Art Friends"},"content":{"rendered":"<div class=\"wpb-content-wrapper\"><p>[vc_row][vc_column][vc_empty_space height=&#8221;20px&#8221;][vc_column_text]<\/p>\n<h1>Artists and Art Friends in and around Waldkirchen<\/h1>\n<p>[\/vc_column_text][\/vc_column][\/vc_row][vc_row][vc_column][vc_column_text]Waldkirchen is home to a large number of artists, painters and photographers. The following brief portraits are intended to give you a short overview. If you wish to learn a little more, just click on the artist\u2019s name!<br \/>\nPictures on the cover are by Petronilla Hohenwarter (left), Franz Hintermann (middle), Renate Balda (right).[\/vc_column_text][vc_tta_accordion active_section=&#8221;25&#8243; collapsible_all=&#8221;true&#8221;][vc_tta_section title=&#8221;Balda Renate&#8221; tab_id=&#8221;1466670248996-af062361-775f&#8221;][vc_column_text]born in Plattling in 1955, Lower Bavaria<br \/>\nlives and works in Waldkirchen, Lower Bavaria<\/p>\n<p>1980 \u2013 83<br \/>\nstudy of art and painting at the Kunstakademie in Nuremberg in the class of Ernst Weil and Christine Sack-Colditz<br \/>\nduring her studies she got in touch with ceramic<br \/>\nsince 1984 she\u2019s been working in her own ceramics workshop<br \/>\nfrom 1992 free ceramic work<br \/>\nfrom 1993<br \/>\npainting, first on clay, from 1994 on paper, later on canvas<\/p>\n<p>first paintings with different soils, pigments, also binderless (pastel)<br \/>\nlater with beeswax (encaustic)<\/p>\n<p>from fall 2002 wax crayon works<br \/>\nsince early 2003 lithographs<br \/>\n2004<br \/>\nvisit at Inge Dick, Mondsee (A)<\/p>\n<p>first contact with Sonia Costanini<\/p>\n<p>from fall 2004 acrylics on canvas<br \/>\nfrom fall 2010 paintings with aqueous shellac and pigments on hand-made paper and Japanese tissue paper<\/p>\n<p>Website: <a href=\"http:\/\/www.renatebalda.de\/\" target=\"_blank\">www.renatebalda.de<\/a><br \/>\nFacebook: <a href=\"https:\/\/www.facebook.com\/renatebalda\/\" target=\"_blank\">www.facebook.com\/renatebalda<\/a>[\/vc_column_text][\/vc_tta_section][vc_tta_section title=&#8221;Berndl Rupert&#8221; tab_id=&#8221;1466670249055-5f5395d0-dd7c&#8221;][vc_column_text]<span style=\"line-height: 1.5;\">Born in Passau on 1940-10-26. After taking his \u201aAbitur\u2019 (German A-levels), he studied painting and sculpture at the Academy of Fine Arts in Munich. From 1965 to 2005 art teacher at the Johannes-Gutenberg-Gymnasium in Waldkirchen.<br \/>\nHis favorite techniques are water colors, oil painting, woodcut and sculptures in bronze and scrap metal.<br \/>\n\u201eIt is important to me to create rhythm, structure and excitement in my paintings, but also to express the unique variety of the moods of our native landscape in a compressed manner. I really like to study the many shades of gray and white in our winter wonderland. In my plastic works, I\u2019ve always tried to catch the characteristic aspect of a figure as to anatomy and movement by increasing plasticity and reducing design\u201c.<\/span><\/p>\n<p><span style=\"line-height: 1.5;\">Rupert Berndl<br \/>\n<\/span>Reith\u00e4ckerstra\u00dfe 7<br \/>\n94065 Waldkirchen<br \/>\nTel. 08581\/8484<br \/>\nMail: <a href=\"mailto:rupert.berndl@freenet.de\">rupert.berndl@freenet.de<\/a>[\/vc_column_text][\/vc_tta_section][vc_tta_section title=&#8221;Hohenwarter Petronilla&#8221; tab_id=&#8221;1466670533776-2747bf3f-b6c0&#8243;][vc_column_text]Petronilla HohenwARTer<br \/>\nborn in Waldkirchen in1965 \/ Lower Bavaria<\/p>\n<p>A passionate and committed artist who studies the spiritual goods of the man and visualizes them in her art, she confronts herself with human likeness and expression and deals with it in her works of art \u2013 her work embodies living authenticity.<\/p>\n<p>Studies \/ Bio<br \/>\n1983-1986 studies at the Academy of Social Pedagogy in Passau<br \/>\n1995-1997 psychological-pedagogical additional training TIRA in Munich<br \/>\n1987-1997 social worker for children, youngsters and adults<br \/>\n1997-2000 guest student Visual Art, University of Surakarta, Indonesia, Southeast Asia<br \/>\n1999-2003 advanced training \u2018Free Painting\u2019 with Prof. D. Fischer\/SV, Erwin Eisch\/G, print graphics Dr. H. Bernhard\/\u00d6, Mag. I. Chv\u00e1lov\u00e1 \/CZ<\/p>\n<p>since 1997<br \/>\nNumerous exhibitions and invitations to symposia, periods abroad to work in arts and several projects as artist-in-residence in Europa, Southeast Asia, USA<br \/>\nAwards and Grants, among others, Debutante Award of Lower Bavaria granted for the first solo show, 1st prize of the \u201eAbstractaPier Paolo Castellucci\u201c exhibition in Florence, Culture Prize received from the Kulturverein e.V. District Freyung-Grafenau<br \/>\nrepresented by the gallery 33contemporary in Chicago and Pablo &amp; Paul in Munich<\/p>\n<p>main studio in Bavaria, 94065 Waldkirchen, Bannholzstrasse 36<\/p>\n<p>Website: <a href=\"http:\/\/www.petronillahohenwarter.com\/\" target=\"_blank\">www.petronillahohenwarter.com<\/a> or <a href=\"http:\/\/www.phkunstedition.de\/\" target=\"_blank\">www.phkunstedition.de<\/a><br \/>\nFacebook: <a href=\"https:\/\/www.facebook.com\/petronillahohenwarterART\/\" target=\"_blank\">www.facebook.com\/petronillahohenwarterART<\/a>[\/vc_column_text][\/vc_tta_section][vc_tta_section title=&#8221;Hintermann Franz&#8221; tab_id=&#8221;1466671120362-e904fd64-8a18&#8243;][vc_column_text]<span style=\"line-height: 1.5;\">photographer<br \/>\nborn in Waldkirchen on 20-1-1955<br \/>\n1981-82 studies at the Bavarian State Academy of Photography in Munich (master)<br \/>\nMarktplatz 13, 94065 Waldkirchen, phone 08581\/9612-14, fax -17,<br \/>\nHauzenbergerstr. 36, phone 08581\/910 770, Gallery \u201aZum Unruhigen Hydranten\u2019<\/span><\/p>\n<p><span style=\"line-height: 1.5;\">Website:\u00a0<\/span><a style=\"line-height: 1.5;\" href=\"http:\/\/www.hyd.de\/\" target=\"_blank\">www.hyd.de<\/a>[\/vc_column_text][\/vc_tta_section][vc_tta_section title=&#8221;Praxl Sunhild&#8221; tab_id=&#8221;1466671215448-92170f0d-02f4&#8243;][vc_column_text]<span style=\"line-height: 1.5;\">Born in Krumlov in 1944, Sudeten German Terrritories, CZ<br \/>\nStudies of Art at Bielefeld university with a focus on terracotta sculptures and theater with Prof. Peter Sommer from 1995 to 2001<br \/>\nlives and works in Waldkirchen<\/span><\/p>\n<p><span style=\"line-height: 1.5;\">\u00bbBrunnenskulpturen\u00ab (fountain sculptures)<\/span><\/p>\n<p><span style=\"line-height: 1.5;\">Email:\u00a0<\/span><a style=\"line-height: 1.5;\" href=\"mailto:Sunnhild.Praxl@t-online.de\">Sunnhild.Praxl@t-online.de<\/a>[\/vc_column_text][\/vc_tta_section][vc_tta_section title=&#8221;Scharrenbroich Thomas&#8221; tab_id=&#8221;1466671296376-2bd62ed2-5317&#8243;][vc_column_text]<span style=\"line-height: 1.5;\">born in 1968<br \/>\nstudied and graduated at Passau university, Chair of Arts Education from 1990 to 1995<br \/>\nlives and works in Waldkirchen<\/span><\/p>\n<p><span style=\"line-height: 1.5;\">Project\\\\ Digital Metamorphosis of Dimensions<\/span><\/p>\n<p><span style=\"line-height: 1.5;\">Within several steps, real urgency mutates via digital process into newly arranged images and realities.<\/span><\/p>\n<p><span style=\"line-height: 1.5;\">Collecting and experimenting with \u201esmall parts\u201c with an edge length of about two centimeters, taken from today\u2019s world of consumption: plastic parts, foils, plants, glass, packaging materials<\/span><\/p>\n<p><span style=\"line-height: 1.5;\">\\\\ Transforming by compressing, cutting, isolation from its original appearance and initial function, on the basis of visual-artistic aspects:<br \/>\nillumination in light projections, deformation of materials\/material reductions and transformation processes such as reversion, drying, melting, chemical treatment<br \/>\nMANUAL ABSTRACTION<\/span><\/p>\n<p><span style=\"line-height: 1.5;\">\\\\ Digitalization via scanning of transformed, reduced materials. The physical shape is converted into numeric values and stored in files.<br \/>\nELECTRONIC ABSTRACTION<\/span><\/p>\n<p><span style=\"line-height: 1.5;\">\\\\ Mathematical solving, processing and combining of virtual sections. The result is an artificial assembly of parts of formerly real items. Virtual visual worlds are emerging &#8211;<br \/>\nvia modifications and filtration of pixel values in different planes.<br \/>\n\\\\ Return to familiar point of views<\/span><\/p>\n<p><span style=\"line-height: 1.5;\">From the artist\u2019s point of view, the result is a restructuring in different aggregate states and dimensions.\\\\\\<\/span><\/p>\n<p><span style=\"line-height: 1.5;\">Email:\u00a0<\/span><a style=\"line-height: 1.5;\" href=\"mailto:t.scharrenbroich@t-online.de\">t.scharrenbroich@t-online.de<\/a>[\/vc_column_text][\/vc_tta_section][vc_tta_section title=&#8221;Schreiber Reinhilde&#8221; tab_id=&#8221;1466671412726-bbd75e90-aea2&#8243;][vc_column_text]<span style=\"line-height: 1.5;\">Reinhilde Schreiber was born in the Bavarian Forest\/Lower Bavaria in 1957. She is living her nature-loving way of life in our beautiful city of Waldkirchen, surrounded by a lot of wood.\u00a0Reinhilde Schreiber developed her love for painting, drawing and writing in her early childhood. Her source of power \u2013 reflected in her works &#8211; lies in her natural talent, her creativity and her love for people, animals and nature.<br \/>\nIn 1984, she studied \u201eFree Painting and Drawing\u201c and passed the exam and thesis with flying colors. Private painting lessons with renowned artists such as Anton Ohme. Comprehensive further training with various painting techniques, graphics and digital image processing. She focuses on man, nature and environment in her works \u2013 and often enough with a critical approach.<\/span><\/p>\n<p><span style=\"line-height: 1.5;\">94065 Waldkirchen \u2013 Schmidpointstr. 18<br \/>\n<\/span>Tel. 08581\/2865<br \/>\nEmail: <a href=\"mailto:schreiber.waldkirchen@freenet.de\">schreiber.waldkirchen@freenet.de<\/a>[\/vc_column_text][\/vc_tta_section][vc_tta_section title=&#8221;Wandira Samuel&#8221; tab_id=&#8221;1466671496197-13107330-64c0&#8243;][vc_column_text]<span style=\"line-height: 1.5;\">Samuel Wandira uses the bark of African trees to paint his poetries on. Just click on an image and zoom in.<\/span><\/p>\n<p><span style=\"line-height: 1.5;\">\u2018I was born in Bufutuula, Uganda on 1959-09-09. I\u2019ve been living here in Germany since 1987. Since my early childhood I\u2019ve shown a great interest in painting. At the college I studied Art.<br \/>\n<\/span><span style=\"line-height: 1.5;\">During my first years in Germany I worked as a self-taught artist and mainly dealt with monotype techniques. Those images were very often a pure act of liberation, expression of my fantasy, compositions of colors and emotions.\u2019<\/span><\/p>\n<p><span style=\"line-height: 1.5;\">Samuel Wandira<br \/>\n<\/span>Dorfwiesenstr. 27<br \/>\n94065 Waldkirchen<br \/>\n(0049) 08581\/3033<br \/>\nE-mail: <a href=\"mailto:Samuel.wandira@t-online.de\">Samuel.wandira@t-online.de<\/a>[\/vc_column_text][\/vc_tta_section][vc_tta_section title=&#8221;Kunstraum AMBULANT&#8221; tab_id=&#8221;1466671569908-152a9396-3197&#8243;][vc_column_text]Institute for Art and Music<\/p>\n<p>Website: <a href=\"http:\/\/www.kunstraumschmiedgasse.de\/\" target=\"_blank\">www.kunstraumschmiedgasse.de<\/a>[\/vc_column_text][\/vc_tta_section][vc_tta_section title=&#8221;Kulturkreis Freyung-Grafenau&#8221; tab_id=&#8221;1466671664091-95414089-4ff3&#8243;][vc_column_text]Mission\/Activities of the Cultural Circle:<br \/>\nConceptual support and sponsorship of cultural activities within the county of Freyung-Grafenau e.V.;<br \/>\nPlanning and execution of cultural activities and events in close cooperation with the KEB organization (Catholic Adult Education) or other institutions and also on its own account (concerts, exhibitions, performances, book readings, Literary Circle, cinema shows, field excursions and a lot more);<br \/>\nEvery year, the Kulturkreis awards cultural prizes and grants to local artists.<\/p>\n<p>Website: <a href=\"http:\/\/www.kulturkreis-freyung.de\/\" target=\"_blank\">www.kulturkreis-freyung.de<\/a>[\/vc_column_text][\/vc_tta_section][vc_tta_section title=&#8221;Kunstverein Wolfstein&#8221; tab_id=&#8221;1466671748176-5928616e-2d1a&#8221;][vc_column_text]<span style=\"line-height: 1.5;\">The Art Association Wolfstein was founded in 1984. With more than 400 members \u2013 including 150 visual artists &#8211; the club is one of the largest art associations in Eastern Bavaria.<br \/>\nWith its wide range of educational offerings, including art courses, workshops and field excursions, e. g. to Venice, Kassel, Dresden, Berlin, Paris, Basel a.s.o., the club makes culture accessible with events featuring classical and contemporary art \u2013 always a very special experience under the able guidance of Alfons Neubauer (restorer at the Munich \u2018Glyptothek\u2019).<br \/>\nThe wide variety of artistic offerings, in cooperation with educational facilities of the Major District Town of Freyung, from preschool courses to training and education for children, youngsters and adults, attracts even inter-regional art lovers and is an important and sustainable cultural institution.<br \/>\nRegular exhibitions as well as group and solo shows from artists of the Kunstverein are well known far beyond district borders due to their recognized high artistic level.<br \/>\nYour membership in the Kunstverein Wolfstein helps strengthen the cultural endeavours of the Association and represents creative lifestyle.<\/span><\/p>\n<p><span style=\"line-height: 1.5;\">Website: <\/span><a style=\"line-height: 1.5;\" href=\"http:\/\/www.kunstverein-wolfstein.de\/\" target=\"_blank\">www.kunstverein-wolfstein.de<\/a>[\/vc_column_text][\/vc_tta_section][\/vc_tta_accordion][\/vc_column][\/vc_row][vc_row][vc_column][vc_separator color=&#8221;custom&#8221; accent_color=&#8221;#95c11f&#8221;][vc_btn title=&#8221;back to overview&#8221; shape=&#8221;square&#8221; color=&#8221;green&#8221; size=&#8221;sm&#8221; align=&#8221;right&#8221; link=&#8221;url:http%3A%2F%2Furlaub-in-waldkirchen.de%2Fen%2Farts-and-culture%2F|||&#8221;][\/vc_column][\/vc_row]<\/p>\n<\/div>","protected":false},"excerpt":{"rendered":"<p>[vc_row][vc_column][vc_empty_space height=&#8221;20px&#8221;][vc_column_text] Artists and Art Friends in and around Waldkirchen [\/vc_column_text][\/vc_column][\/vc_row][vc_row][vc_column][vc_column_text]Waldkirchen is home to a large number of artists, painters and photographers. The following brief portraits<span class=\"excerpt-hellip\"> [\u2026]<\/span><\/p>\n","protected":false},"author":2,"featured_media":0,"parent":4836,"menu_order":0,"comment_status":"closed","ping_status":"closed","template":"","meta":{"footnotes":""},"class_list":["post-1713","page","type-page","status-publish","hentry"],"yoast_head":"<!-- This site is optimized with the Yoast SEO plugin v27.3 - https:\/\/yoast.com\/product\/yoast-seo-wordpress\/ -->\n<title>Artists and Art Friends - urlaub-in-waldkirchen.de<\/title>\n<meta name=\"description\" content=\"Waldkirchen is home to a large number of artists, painters and photographers. The following brief portraits are intended to give you a short overview. If you wish to learn a little more, just click on the artist\u2019s name!\" \/>\n<meta name=\"robots\" content=\"index, follow, max-snippet:-1, max-image-preview:large, max-video-preview:-1\" \/>\n<link rel=\"canonical\" href=\"https:\/\/urlaub-in-waldkirchen.de\/en\/arts-and-culture-2\/artists-and-art-friends\/\" \/>\n<meta property=\"og:locale\" content=\"en_US\" \/>\n<meta property=\"og:type\" content=\"article\" \/>\n<meta property=\"og:title\" content=\"Artists and Art Friends - urlaub-in-waldkirchen.de\" \/>\n<meta property=\"og:description\" content=\"Waldkirchen is home to a large number of artists, painters and photographers. The following brief portraits are intended to give you a short overview. If you wish to learn a little more, just click on the artist\u2019s name!\" \/>\n<meta property=\"og:url\" content=\"https:\/\/urlaub-in-waldkirchen.de\/en\/arts-and-culture-2\/artists-and-art-friends\/\" \/>\n<meta property=\"og:site_name\" content=\"urlaub-in-waldkirchen.de\" \/>\n<meta property=\"article:modified_time\" content=\"2016-06-28T09:29:27+00:00\" \/>\n<meta name=\"twitter:card\" content=\"summary_large_image\" \/>\n<meta name=\"twitter:label1\" content=\"Est. reading time\" \/>\n\t<meta name=\"twitter:data1\" content=\"8 minutes\" \/>\n<script type=\"application\/ld+json\" class=\"yoast-schema-graph\">{\"@context\":\"https:\\\/\\\/schema.org\",\"@graph\":[{\"@type\":\"WebPage\",\"@id\":\"https:\\\/\\\/urlaub-in-waldkirchen.de\\\/en\\\/arts-and-culture-2\\\/artists-and-art-friends\\\/\",\"url\":\"https:\\\/\\\/urlaub-in-waldkirchen.de\\\/en\\\/arts-and-culture-2\\\/artists-and-art-friends\\\/\",\"name\":\"Artists and Art Friends - urlaub-in-waldkirchen.de\",\"isPartOf\":{\"@id\":\"https:\\\/\\\/urlaub-in-waldkirchen.de\\\/#website\"},\"datePublished\":\"2016-04-29T12:32:34+00:00\",\"dateModified\":\"2016-06-28T09:29:27+00:00\",\"description\":\"Waldkirchen is home to a large number of artists, painters and photographers. The following brief portraits are intended to give you a short overview. If you wish to learn a little more, just click on the artist\u2019s name!\",\"breadcrumb\":{\"@id\":\"https:\\\/\\\/urlaub-in-waldkirchen.de\\\/en\\\/arts-and-culture-2\\\/artists-and-art-friends\\\/#breadcrumb\"},\"inLanguage\":\"en-US\",\"potentialAction\":[{\"@type\":\"ReadAction\",\"target\":[\"https:\\\/\\\/urlaub-in-waldkirchen.de\\\/en\\\/arts-and-culture-2\\\/artists-and-art-friends\\\/\"]}]},{\"@type\":\"BreadcrumbList\",\"@id\":\"https:\\\/\\\/urlaub-in-waldkirchen.de\\\/en\\\/arts-and-culture-2\\\/artists-and-art-friends\\\/#breadcrumb\",\"itemListElement\":[{\"@type\":\"ListItem\",\"position\":1,\"name\":\"Startseite\",\"item\":\"https:\\\/\\\/urlaub-in-waldkirchen.de\\\/en\\\/\"},{\"@type\":\"ListItem\",\"position\":2,\"name\":\"Arts and Culture\",\"item\":\"https:\\\/\\\/urlaub-in-waldkirchen.de\\\/en\\\/arts-and-culture-2\\\/\"},{\"@type\":\"ListItem\",\"position\":3,\"name\":\"Artists and Art Friends\"}]},{\"@type\":\"WebSite\",\"@id\":\"https:\\\/\\\/urlaub-in-waldkirchen.de\\\/#website\",\"url\":\"https:\\\/\\\/urlaub-in-waldkirchen.de\\\/\",\"name\":\"urlaub-in-waldkirchen.de\",\"description\":\"\",\"potentialAction\":[{\"@type\":\"SearchAction\",\"target\":{\"@type\":\"EntryPoint\",\"urlTemplate\":\"https:\\\/\\\/urlaub-in-waldkirchen.de\\\/?s={search_term_string}\"},\"query-input\":{\"@type\":\"PropertyValueSpecification\",\"valueRequired\":true,\"valueName\":\"search_term_string\"}}],\"inLanguage\":\"en-US\"}]}<\/script>\n<!-- \/ Yoast SEO plugin. -->","yoast_head_json":{"title":"Artists and Art Friends - urlaub-in-waldkirchen.de","description":"Waldkirchen is home to a large number of artists, painters and photographers. The following brief portraits are intended to give you a short overview. If you wish to learn a little more, just click on the artist\u2019s name!","robots":{"index":"index","follow":"follow","max-snippet":"max-snippet:-1","max-image-preview":"max-image-preview:large","max-video-preview":"max-video-preview:-1"},"canonical":"https:\/\/urlaub-in-waldkirchen.de\/en\/arts-and-culture-2\/artists-and-art-friends\/","og_locale":"en_US","og_type":"article","og_title":"Artists and Art Friends - urlaub-in-waldkirchen.de","og_description":"Waldkirchen is home to a large number of artists, painters and photographers. The following brief portraits are intended to give you a short overview. If you wish to learn a little more, just click on the artist\u2019s name!","og_url":"https:\/\/urlaub-in-waldkirchen.de\/en\/arts-and-culture-2\/artists-and-art-friends\/","og_site_name":"urlaub-in-waldkirchen.de","article_modified_time":"2016-06-28T09:29:27+00:00","twitter_card":"summary_large_image","twitter_misc":{"Est. reading time":"8 minutes"},"schema":{"@context":"https:\/\/schema.org","@graph":[{"@type":"WebPage","@id":"https:\/\/urlaub-in-waldkirchen.de\/en\/arts-and-culture-2\/artists-and-art-friends\/","url":"https:\/\/urlaub-in-waldkirchen.de\/en\/arts-and-culture-2\/artists-and-art-friends\/","name":"Artists and Art Friends - urlaub-in-waldkirchen.de","isPartOf":{"@id":"https:\/\/urlaub-in-waldkirchen.de\/#website"},"datePublished":"2016-04-29T12:32:34+00:00","dateModified":"2016-06-28T09:29:27+00:00","description":"Waldkirchen is home to a large number of artists, painters and photographers. The following brief portraits are intended to give you a short overview. If you wish to learn a little more, just click on the artist\u2019s name!","breadcrumb":{"@id":"https:\/\/urlaub-in-waldkirchen.de\/en\/arts-and-culture-2\/artists-and-art-friends\/#breadcrumb"},"inLanguage":"en-US","potentialAction":[{"@type":"ReadAction","target":["https:\/\/urlaub-in-waldkirchen.de\/en\/arts-and-culture-2\/artists-and-art-friends\/"]}]},{"@type":"BreadcrumbList","@id":"https:\/\/urlaub-in-waldkirchen.de\/en\/arts-and-culture-2\/artists-and-art-friends\/#breadcrumb","itemListElement":[{"@type":"ListItem","position":1,"name":"Startseite","item":"https:\/\/urlaub-in-waldkirchen.de\/en\/"},{"@type":"ListItem","position":2,"name":"Arts and Culture","item":"https:\/\/urlaub-in-waldkirchen.de\/en\/arts-and-culture-2\/"},{"@type":"ListItem","position":3,"name":"Artists and Art Friends"}]},{"@type":"WebSite","@id":"https:\/\/urlaub-in-waldkirchen.de\/#website","url":"https:\/\/urlaub-in-waldkirchen.de\/","name":"urlaub-in-waldkirchen.de","description":"","potentialAction":[{"@type":"SearchAction","target":{"@type":"EntryPoint","urlTemplate":"https:\/\/urlaub-in-waldkirchen.de\/?s={search_term_string}"},"query-input":{"@type":"PropertyValueSpecification","valueRequired":true,"valueName":"search_term_string"}}],"inLanguage":"en-US"}]}},"_links":{"self":[{"href":"https:\/\/urlaub-in-waldkirchen.de\/en\/wp-json\/wp\/v2\/pages\/1713","targetHints":{"allow":["GET"]}}],"collection":[{"href":"https:\/\/urlaub-in-waldkirchen.de\/en\/wp-json\/wp\/v2\/pages"}],"about":[{"href":"https:\/\/urlaub-in-waldkirchen.de\/en\/wp-json\/wp\/v2\/types\/page"}],"author":[{"embeddable":true,"href":"https:\/\/urlaub-in-waldkirchen.de\/en\/wp-json\/wp\/v2\/users\/2"}],"replies":[{"embeddable":true,"href":"https:\/\/urlaub-in-waldkirchen.de\/en\/wp-json\/wp\/v2\/comments?post=1713"}],"version-history":[{"count":0,"href":"https:\/\/urlaub-in-waldkirchen.de\/en\/wp-json\/wp\/v2\/pages\/1713\/revisions"}],"up":[{"embeddable":true,"href":"https:\/\/urlaub-in-waldkirchen.de\/en\/wp-json\/wp\/v2\/pages\/4836"}],"wp:attachment":[{"href":"https:\/\/urlaub-in-waldkirchen.de\/en\/wp-json\/wp\/v2\/media?parent=1713"}],"curies":[{"name":"wp","href":"https:\/\/api.w.org\/{rel}","templated":true}]}}