{"id":2143,"date":"2016-04-26T13:28:02","date_gmt":"2016-04-26T11:28:02","guid":{"rendered":"https:\/\/urlaub-in-waldkirchen.de\/en\/summer-activities\/laufen-und-nordic-walking\/"},"modified":"2025-03-17T13:11:28","modified_gmt":"2025-03-17T12:11:28","slug":"running-and-nordic-walking","status":"publish","type":"page","link":"https:\/\/urlaub-in-waldkirchen.de\/en\/summer-activities\/running-and-nordic-walking\/","title":{"rendered":"Running and Nordic Walking"},"content":{"rendered":"<div class=\"wpb-content-wrapper\"><p>[vc_row][vc_column][vc_empty_space height=&#8221;20px&#8221;][vc_column_text]<\/p>\n<h1>Laufen und Nordic Walking &#8211; fit durch den Tag!<\/h1>\n<p>[\/vc_column_text][\/vc_column][\/vc_row][vc_row][vc_column][vc_column_text]Nordic Walking als Ausgleichssport erfreut sich nach wie vor gro\u00dfer Beliebtheit. Der Bayerische Wald eignet sich wegen seiner guten Luft und seines kupierten Gel\u00e4ndes besonders gut f\u00fcr diese Sportart.\u00a0Zusammen mit der AOK Bayerwald wurden, jeweils beginnend am Parkplatz beim Karoli-Badepark, vier\u00a0Strecken von unterschiedlicher L\u00e4nge und mit unterschiedlichem Schwierigkeitsgrad ausgew\u00e4hlt:<\/p>\n<ul>\n<li>Jungbrunnenroute: 3 km f\u00fcr Anf\u00e4nger und Einsteiger &#8211; \u00a0diese Route bietet\u00a0Ihnen optimale M\u00f6glichkeiten f\u00fcr ein Basistraining<\/li>\n<li>Vital Route: 4 km f\u00fcr Fortgeschrittene und Sportliche &#8211; zur Verbesserung der allgemeinen Fitness<\/li>\n<li>Fitness-Route: 8,5 km f\u00fcr Anspruchsvolle und Leistungsf\u00e4hige &#8211; durch die anspruchsvolle\u00a0Routenf\u00fchrung k\u00f6nnen Sie Ihre Fitness und\u00a0Leistungsf\u00e4higkeit weiter steigern!<\/li>\n<li>Technik-Route: 3,5 km &#8211; hier haben Sie die M\u00f6glichkeit, Ihre Technik gezielt zu\u00a0verfeinern.<\/li>\n<\/ul>\n<p>Die Strecken sind beschildert und mit n\u00fctzlichen Tipps zur richtigen Technik ausgestattet. Alles Weitere inklusive des Streckenverlaufs finden Sie auf dem Flyer <a href=\"https:\/\/urlaub-in-waldkirchen.de\/wp-content\/uploads\/2016\/05\/aok.pdf\" target=\"_blank\" rel=\"noopener\">hier &gt;&gt;<\/a>.<\/p>\n<p>F\u00fcr L\u00e4ufer haben wir eine Auswahl von verschiedenen Laufstrecken\u00a0aufgelistet. Es stehen Ihnen verschiedene\u00a0Schwierigkeitsgrade zur Verf\u00fcgung.<\/p>\n<p>F\u00fcr weitere Informationen\u00a0steht Ihnen unser <a href=\"https:\/\/urlaub-in-waldkirchen.de\/info\/tourismusbuero\/\">Tourismusb\u00fcro<\/a> gerne zur Verf\u00fcgung.[\/vc_column_text][\/vc_column][\/vc_row][vc_row full_width=&#8221;stretch_row_content_no_spaces&#8221;][vc_column][vc_media_grid element_width=&#8221;3&#8243; item=&#8221;mediaGrid_FadeInWithIcon&#8221; css=&#8221;&#8221; grid_id=&#8221;vc_gid:1742213463405-bec18589-c846-7&#8243; include=&#8221;7842,2073,2070,2074,2075,2072,2069,2071&#8243;][\/vc_column][\/vc_row][vc_row][vc_column][vc_separator color=&#8221;custom&#8221; accent_color=&#8221;#95c11f&#8221;][vc_btn title=&#8221;zur\u00fcck zur \u00dcbersicht&#8221; shape=&#8221;square&#8221; color=&#8221;green&#8221; size=&#8221;sm&#8221; align=&#8221;right&#8221; link=&#8221;url:http%3A%2F%2Furlaub-in-waldkirchen.de%2Faktivitaeten-sommer%2F|&#8221;][\/vc_column][\/vc_row]<\/p>\n<\/div>","protected":false},"excerpt":{"rendered":"<p>[vc_row][vc_column][vc_empty_space height=&#8221;20px&#8221;][vc_column_text] Laufen und Nordic Walking &#8211; fit durch den Tag! [\/vc_column_text][\/vc_column][\/vc_row][vc_row][vc_column][vc_column_text]Nordic Walking als Ausgleichssport erfreut sich nach wie vor gro\u00dfer Beliebtheit. Der Bayerische Wald eignet<span class=\"excerpt-hellip\"> [\u2026]<\/span><\/p>\n","protected":false},"author":2,"featured_media":0,"parent":1916,"menu_order":0,"comment_status":"closed","ping_status":"closed","template":"","meta":{"footnotes":""},"class_list":["post-2143","page","type-page","status-publish","hentry"],"yoast_head":"<!-- This site is optimized with the Yoast SEO plugin v27.3 - https:\/\/yoast.com\/product\/yoast-seo-wordpress\/ -->\n<title>Running and Nordic Walking - urlaub-in-waldkirchen.de<\/title>\n<meta name=\"description\" content=\"Nordic Walking as a fitness sport continues to enjoy great popularity. The Bavarian Forest\u2019s fresh air and its hilly terrain is perfectly suited to practise this sport.\" \/>\n<meta name=\"robots\" content=\"index, follow, max-snippet:-1, max-image-preview:large, max-video-preview:-1\" \/>\n<link rel=\"canonical\" href=\"https:\/\/urlaub-in-waldkirchen.de\/en\/summer-activities\/running-and-nordic-walking\/\" \/>\n<meta property=\"og:locale\" content=\"en_US\" \/>\n<meta property=\"og:type\" content=\"article\" \/>\n<meta property=\"og:title\" content=\"Running and Nordic Walking - urlaub-in-waldkirchen.de\" \/>\n<meta property=\"og:description\" content=\"Nordic Walking as a fitness sport continues to enjoy great popularity. The Bavarian Forest\u2019s fresh air and its hilly terrain is perfectly suited to practise this sport.\" \/>\n<meta property=\"og:url\" content=\"https:\/\/urlaub-in-waldkirchen.de\/en\/summer-activities\/running-and-nordic-walking\/\" \/>\n<meta property=\"og:site_name\" content=\"urlaub-in-waldkirchen.de\" \/>\n<meta property=\"article:modified_time\" content=\"2025-03-17T12:11:28+00:00\" \/>\n<meta name=\"twitter:card\" content=\"summary_large_image\" \/>\n<meta name=\"twitter:label1\" content=\"Est. reading time\" \/>\n\t<meta name=\"twitter:data1\" content=\"2 minutes\" \/>\n<script type=\"application\/ld+json\" class=\"yoast-schema-graph\">{\"@context\":\"https:\\\/\\\/schema.org\",\"@graph\":[{\"@type\":\"WebPage\",\"@id\":\"https:\\\/\\\/urlaub-in-waldkirchen.de\\\/en\\\/summer-activities\\\/running-and-nordic-walking\\\/\",\"url\":\"https:\\\/\\\/urlaub-in-waldkirchen.de\\\/en\\\/summer-activities\\\/running-and-nordic-walking\\\/\",\"name\":\"Running and Nordic Walking - urlaub-in-waldkirchen.de\",\"isPartOf\":{\"@id\":\"https:\\\/\\\/urlaub-in-waldkirchen.de\\\/#website\"},\"datePublished\":\"2016-04-26T11:28:02+00:00\",\"dateModified\":\"2025-03-17T12:11:28+00:00\",\"description\":\"Nordic Walking as a fitness sport continues to enjoy great popularity. The Bavarian Forest\u2019s fresh air and its hilly terrain is perfectly suited to practise this sport.\",\"breadcrumb\":{\"@id\":\"https:\\\/\\\/urlaub-in-waldkirchen.de\\\/en\\\/summer-activities\\\/running-and-nordic-walking\\\/#breadcrumb\"},\"inLanguage\":\"en-US\",\"potentialAction\":[{\"@type\":\"ReadAction\",\"target\":[\"https:\\\/\\\/urlaub-in-waldkirchen.de\\\/en\\\/summer-activities\\\/running-and-nordic-walking\\\/\"]}]},{\"@type\":\"BreadcrumbList\",\"@id\":\"https:\\\/\\\/urlaub-in-waldkirchen.de\\\/en\\\/summer-activities\\\/running-and-nordic-walking\\\/#breadcrumb\",\"itemListElement\":[{\"@type\":\"ListItem\",\"position\":1,\"name\":\"Startseite\",\"item\":\"https:\\\/\\\/urlaub-in-waldkirchen.de\\\/en\\\/\"},{\"@type\":\"ListItem\",\"position\":2,\"name\":\"Summer Activities\",\"item\":\"https:\\\/\\\/urlaub-in-waldkirchen.de\\\/en\\\/summer-activities\\\/\"},{\"@type\":\"ListItem\",\"position\":3,\"name\":\"Running and Nordic Walking\"}]},{\"@type\":\"WebSite\",\"@id\":\"https:\\\/\\\/urlaub-in-waldkirchen.de\\\/#website\",\"url\":\"https:\\\/\\\/urlaub-in-waldkirchen.de\\\/\",\"name\":\"urlaub-in-waldkirchen.de\",\"description\":\"\",\"potentialAction\":[{\"@type\":\"SearchAction\",\"target\":{\"@type\":\"EntryPoint\",\"urlTemplate\":\"https:\\\/\\\/urlaub-in-waldkirchen.de\\\/?s={search_term_string}\"},\"query-input\":{\"@type\":\"PropertyValueSpecification\",\"valueRequired\":true,\"valueName\":\"search_term_string\"}}],\"inLanguage\":\"en-US\"}]}<\/script>\n<!-- \/ Yoast SEO plugin. -->","yoast_head_json":{"title":"Running and Nordic Walking - urlaub-in-waldkirchen.de","description":"Nordic Walking as a fitness sport continues to enjoy great popularity. The Bavarian Forest\u2019s fresh air and its hilly terrain is perfectly suited to practise this sport.","robots":{"index":"index","follow":"follow","max-snippet":"max-snippet:-1","max-image-preview":"max-image-preview:large","max-video-preview":"max-video-preview:-1"},"canonical":"https:\/\/urlaub-in-waldkirchen.de\/en\/summer-activities\/running-and-nordic-walking\/","og_locale":"en_US","og_type":"article","og_title":"Running and Nordic Walking - urlaub-in-waldkirchen.de","og_description":"Nordic Walking as a fitness sport continues to enjoy great popularity. The Bavarian Forest\u2019s fresh air and its hilly terrain is perfectly suited to practise this sport.","og_url":"https:\/\/urlaub-in-waldkirchen.de\/en\/summer-activities\/running-and-nordic-walking\/","og_site_name":"urlaub-in-waldkirchen.de","article_modified_time":"2025-03-17T12:11:28+00:00","twitter_card":"summary_large_image","twitter_misc":{"Est. reading time":"2 minutes"},"schema":{"@context":"https:\/\/schema.org","@graph":[{"@type":"WebPage","@id":"https:\/\/urlaub-in-waldkirchen.de\/en\/summer-activities\/running-and-nordic-walking\/","url":"https:\/\/urlaub-in-waldkirchen.de\/en\/summer-activities\/running-and-nordic-walking\/","name":"Running and Nordic Walking - urlaub-in-waldkirchen.de","isPartOf":{"@id":"https:\/\/urlaub-in-waldkirchen.de\/#website"},"datePublished":"2016-04-26T11:28:02+00:00","dateModified":"2025-03-17T12:11:28+00:00","description":"Nordic Walking as a fitness sport continues to enjoy great popularity. The Bavarian Forest\u2019s fresh air and its hilly terrain is perfectly suited to practise this sport.","breadcrumb":{"@id":"https:\/\/urlaub-in-waldkirchen.de\/en\/summer-activities\/running-and-nordic-walking\/#breadcrumb"},"inLanguage":"en-US","potentialAction":[{"@type":"ReadAction","target":["https:\/\/urlaub-in-waldkirchen.de\/en\/summer-activities\/running-and-nordic-walking\/"]}]},{"@type":"BreadcrumbList","@id":"https:\/\/urlaub-in-waldkirchen.de\/en\/summer-activities\/running-and-nordic-walking\/#breadcrumb","itemListElement":[{"@type":"ListItem","position":1,"name":"Startseite","item":"https:\/\/urlaub-in-waldkirchen.de\/en\/"},{"@type":"ListItem","position":2,"name":"Summer Activities","item":"https:\/\/urlaub-in-waldkirchen.de\/en\/summer-activities\/"},{"@type":"ListItem","position":3,"name":"Running and Nordic Walking"}]},{"@type":"WebSite","@id":"https:\/\/urlaub-in-waldkirchen.de\/#website","url":"https:\/\/urlaub-in-waldkirchen.de\/","name":"urlaub-in-waldkirchen.de","description":"","potentialAction":[{"@type":"SearchAction","target":{"@type":"EntryPoint","urlTemplate":"https:\/\/urlaub-in-waldkirchen.de\/?s={search_term_string}"},"query-input":{"@type":"PropertyValueSpecification","valueRequired":true,"valueName":"search_term_string"}}],"inLanguage":"en-US"}]}},"_links":{"self":[{"href":"https:\/\/urlaub-in-waldkirchen.de\/en\/wp-json\/wp\/v2\/pages\/2143","targetHints":{"allow":["GET"]}}],"collection":[{"href":"https:\/\/urlaub-in-waldkirchen.de\/en\/wp-json\/wp\/v2\/pages"}],"about":[{"href":"https:\/\/urlaub-in-waldkirchen.de\/en\/wp-json\/wp\/v2\/types\/page"}],"author":[{"embeddable":true,"href":"https:\/\/urlaub-in-waldkirchen.de\/en\/wp-json\/wp\/v2\/users\/2"}],"replies":[{"embeddable":true,"href":"https:\/\/urlaub-in-waldkirchen.de\/en\/wp-json\/wp\/v2\/comments?post=2143"}],"version-history":[{"count":2,"href":"https:\/\/urlaub-in-waldkirchen.de\/en\/wp-json\/wp\/v2\/pages\/2143\/revisions"}],"predecessor-version":[{"id":7845,"href":"https:\/\/urlaub-in-waldkirchen.de\/en\/wp-json\/wp\/v2\/pages\/2143\/revisions\/7845"}],"up":[{"embeddable":true,"href":"https:\/\/urlaub-in-waldkirchen.de\/en\/wp-json\/wp\/v2\/pages\/1916"}],"wp:attachment":[{"href":"https:\/\/urlaub-in-waldkirchen.de\/en\/wp-json\/wp\/v2\/media?parent=2143"}],"curies":[{"name":"wp","href":"https:\/\/api.w.org\/{rel}","templated":true}]}}