{"id":3160,"date":"2016-04-26T15:22:36","date_gmt":"2016-04-26T13:22:36","guid":{"rendered":"https:\/\/urlaub-in-waldkirchen.de\/en\/water-park\/hallenbad\/"},"modified":"2024-05-16T15:40:40","modified_gmt":"2024-05-16T13:40:40","slug":"indoor-pool","status":"publish","type":"page","link":"https:\/\/urlaub-in-waldkirchen.de\/en\/water-park\/indoor-pool\/","title":{"rendered":"Indoor Pool"},"content":{"rendered":"<div class=\"wpb-content-wrapper\"><p>[vc_row][vc_column][vc_empty_space height=&#8221;20px&#8221;][vc_column_text]<\/p>\n<h1>Der Karoli-Badepark &#8211; das Hallenbad\u00a0&#8211;\u00a0Schwimmen und Relaxen<\/h1>\n<h4><strong>\u00a0<\/strong><\/h4>\n<p><span style=\"color: #ff0000;\">\u00a0<\/span>[\/vc_column_text][\/vc_column][\/vc_row][vc_row][vc_column][vc_column_text css=&#8221;&#8221;]Das Sportbecken (25 x 10 Meter) l\u00e4dt Sie zum Schwimmen, der gro\u00dfz\u00fcgige Liegebereich zum Relaxen ein. <a href=\"https:\/\/urlaub-in-waldkirchen.de\/badepark\/solarien-und-massagen\/\">Solarium und Infrarotkabine<\/a> sorgen f\u00fcr W\u00e4rme und Br\u00e4une.<\/p>\n<p>Im Untergeschoss vergn\u00fcgen sich die Kleinen im Kinderbecken, w\u00e4hrend Mama und Papa im angrenzenden Whirlpool entspannen.<\/p>\n<p>Ein schneller Imbiss, aber auch gut b\u00fcrgerliche Gerichte erwarten Sie im <a href=\"https:\/\/urlaub-in-waldkirchen.de\/badepark\/gastronomie\/\">gastronomischen Bereich<\/a>.\u00a0<span style=\"line-height: 1.5;\"> F\u00fcr die Besucher steht ein kostenloses <\/span><a style=\"line-height: 1.5;\" href=\"https:\/\/urlaub-in-waldkirchen.de\/badepark\/wlan\/\">WLAN<\/a><span style=\"line-height: 1.5;\"> zur Verf\u00fcgung.\u00a0<\/span><\/p>\n<p>&nbsp;<\/p>\n<h4><\/h4>\n<p>Einen Flyer mit <a href=\"https:\/\/urlaub-in-waldkirchen.de\/badepark\/gebuehren-und-oeffnungszeiten\/\">\u00d6ffnungszeiten und Preisen<\/a> erhalten Sie in\u00a0unserem\u00a0<a href=\"https:\/\/urlaub-in-waldkirchen.de\/info\/tourismusbuero\/\">Tourismusb\u00fcro<\/a>\u00a0oder zum Download bei den <a href=\"https:\/\/urlaub-in-waldkirchen.de\/info\/prospekte\/\">Prospekten<\/a>.<\/p>\n<p>Weitere Infos zu Preisen und Rabatten finden\u00a0Sie <a href=\"https:\/\/urlaub-in-waldkirchen.de\/badepark\/gebuehren-und-oeffnungszeiten\/\">hier &gt;&gt;<\/a>[\/vc_column_text][\/vc_column][\/vc_row][vc_row][vc_column][vc_masonry_media_grid element_width=&#8221;3&#8243; grid_id=&#8221;vc_gid:1715866811976-21b7d24e-5e75-2&#8243; include=&#8221;3068,3070,3073,3074,3075,3069,3076,3071&#8243;][\/vc_column][\/vc_row][vc_row][vc_column][vc_separator color=&#8221;custom&#8221; accent_color=&#8221;#95c11f&#8221;][vc_btn title=&#8221;zur\u00fcck zur \u00dcbersicht&#8221; shape=&#8221;square&#8221; color=&#8221;green&#8221; size=&#8221;sm&#8221; align=&#8221;right&#8221; link=&#8221;url:http%3A%2F%2Furlaub-in-waldkirchen.de%2Fbadepark%2F|&#8221;][\/vc_column][\/vc_row]<\/p>\n<\/div>","protected":false},"excerpt":{"rendered":"<p>[vc_row][vc_column][vc_empty_space height=&#8221;20px&#8221;][vc_column_text] Der Karoli-Badepark &#8211; das Hallenbad\u00a0&#8211;\u00a0Schwimmen und Relaxen \u00a0 \u00a0[\/vc_column_text][\/vc_column][\/vc_row][vc_row][vc_column][vc_column_text css=&#8221;&#8221;]Das Sportbecken (25 x 10 Meter) l\u00e4dt Sie zum Schwimmen, der gro\u00dfz\u00fcgige Liegebereich zum Relaxen<span class=\"excerpt-hellip\"> [\u2026]<\/span><\/p>\n","protected":false},"author":2,"featured_media":0,"parent":3018,"menu_order":0,"comment_status":"closed","ping_status":"closed","template":"","meta":{"footnotes":""},"class_list":["post-3160","page","type-page","status-publish","hentry"],"yoast_head":"<!-- This site is optimized with the Yoast SEO plugin v27.3 - https:\/\/yoast.com\/product\/yoast-seo-wordpress\/ -->\n<title>Indoor Pool - urlaub-in-waldkirchen.de<\/title>\n<meta name=\"description\" content=\"The sports pool (25 x 10 meters) invites for a swim, a spacious lounging area is the perfect place to relax afterwards. Solarium and infrared booth provide cozy warmth and beautiful tan.\" \/>\n<meta name=\"robots\" content=\"index, follow, max-snippet:-1, max-image-preview:large, max-video-preview:-1\" \/>\n<link rel=\"canonical\" href=\"https:\/\/urlaub-in-waldkirchen.de\/en\/water-park\/indoor-pool\/\" \/>\n<meta property=\"og:locale\" content=\"en_US\" \/>\n<meta property=\"og:type\" content=\"article\" \/>\n<meta property=\"og:title\" content=\"Indoor Pool - urlaub-in-waldkirchen.de\" \/>\n<meta property=\"og:description\" content=\"The sports pool (25 x 10 meters) invites for a swim, a spacious lounging area is the perfect place to relax afterwards. Solarium and infrared booth provide cozy warmth and beautiful tan.\" \/>\n<meta property=\"og:url\" content=\"https:\/\/urlaub-in-waldkirchen.de\/en\/water-park\/indoor-pool\/\" \/>\n<meta property=\"og:site_name\" content=\"urlaub-in-waldkirchen.de\" \/>\n<meta property=\"article:modified_time\" content=\"2024-05-16T13:40:40+00:00\" \/>\n<meta name=\"twitter:card\" content=\"summary_large_image\" \/>\n<meta name=\"twitter:label1\" content=\"Est. reading time\" \/>\n\t<meta name=\"twitter:data1\" content=\"1 minute\" \/>\n<script type=\"application\/ld+json\" class=\"yoast-schema-graph\">{\"@context\":\"https:\\\/\\\/schema.org\",\"@graph\":[{\"@type\":\"WebPage\",\"@id\":\"https:\\\/\\\/urlaub-in-waldkirchen.de\\\/en\\\/water-park\\\/indoor-pool\\\/\",\"url\":\"https:\\\/\\\/urlaub-in-waldkirchen.de\\\/en\\\/water-park\\\/indoor-pool\\\/\",\"name\":\"Indoor Pool - urlaub-in-waldkirchen.de\",\"isPartOf\":{\"@id\":\"https:\\\/\\\/urlaub-in-waldkirchen.de\\\/#website\"},\"datePublished\":\"2016-04-26T13:22:36+00:00\",\"dateModified\":\"2024-05-16T13:40:40+00:00\",\"description\":\"The sports pool (25 x 10 meters) invites for a swim, a spacious lounging area is the perfect place to relax afterwards. Solarium and infrared booth provide cozy warmth and beautiful tan.\",\"breadcrumb\":{\"@id\":\"https:\\\/\\\/urlaub-in-waldkirchen.de\\\/en\\\/water-park\\\/indoor-pool\\\/#breadcrumb\"},\"inLanguage\":\"en-US\",\"potentialAction\":[{\"@type\":\"ReadAction\",\"target\":[\"https:\\\/\\\/urlaub-in-waldkirchen.de\\\/en\\\/water-park\\\/indoor-pool\\\/\"]}]},{\"@type\":\"BreadcrumbList\",\"@id\":\"https:\\\/\\\/urlaub-in-waldkirchen.de\\\/en\\\/water-park\\\/indoor-pool\\\/#breadcrumb\",\"itemListElement\":[{\"@type\":\"ListItem\",\"position\":1,\"name\":\"Startseite\",\"item\":\"https:\\\/\\\/urlaub-in-waldkirchen.de\\\/en\\\/\"},{\"@type\":\"ListItem\",\"position\":2,\"name\":\"Water Park\",\"item\":\"https:\\\/\\\/urlaub-in-waldkirchen.de\\\/en\\\/water-park\\\/\"},{\"@type\":\"ListItem\",\"position\":3,\"name\":\"Indoor Pool\"}]},{\"@type\":\"WebSite\",\"@id\":\"https:\\\/\\\/urlaub-in-waldkirchen.de\\\/#website\",\"url\":\"https:\\\/\\\/urlaub-in-waldkirchen.de\\\/\",\"name\":\"urlaub-in-waldkirchen.de\",\"description\":\"\",\"potentialAction\":[{\"@type\":\"SearchAction\",\"target\":{\"@type\":\"EntryPoint\",\"urlTemplate\":\"https:\\\/\\\/urlaub-in-waldkirchen.de\\\/?s={search_term_string}\"},\"query-input\":{\"@type\":\"PropertyValueSpecification\",\"valueRequired\":true,\"valueName\":\"search_term_string\"}}],\"inLanguage\":\"en-US\"}]}<\/script>\n<!-- \/ Yoast SEO plugin. -->","yoast_head_json":{"title":"Indoor Pool - urlaub-in-waldkirchen.de","description":"The sports pool (25 x 10 meters) invites for a swim, a spacious lounging area is the perfect place to relax afterwards. Solarium and infrared booth provide cozy warmth and beautiful tan.","robots":{"index":"index","follow":"follow","max-snippet":"max-snippet:-1","max-image-preview":"max-image-preview:large","max-video-preview":"max-video-preview:-1"},"canonical":"https:\/\/urlaub-in-waldkirchen.de\/en\/water-park\/indoor-pool\/","og_locale":"en_US","og_type":"article","og_title":"Indoor Pool - urlaub-in-waldkirchen.de","og_description":"The sports pool (25 x 10 meters) invites for a swim, a spacious lounging area is the perfect place to relax afterwards. Solarium and infrared booth provide cozy warmth and beautiful tan.","og_url":"https:\/\/urlaub-in-waldkirchen.de\/en\/water-park\/indoor-pool\/","og_site_name":"urlaub-in-waldkirchen.de","article_modified_time":"2024-05-16T13:40:40+00:00","twitter_card":"summary_large_image","twitter_misc":{"Est. reading time":"1 minute"},"schema":{"@context":"https:\/\/schema.org","@graph":[{"@type":"WebPage","@id":"https:\/\/urlaub-in-waldkirchen.de\/en\/water-park\/indoor-pool\/","url":"https:\/\/urlaub-in-waldkirchen.de\/en\/water-park\/indoor-pool\/","name":"Indoor Pool - urlaub-in-waldkirchen.de","isPartOf":{"@id":"https:\/\/urlaub-in-waldkirchen.de\/#website"},"datePublished":"2016-04-26T13:22:36+00:00","dateModified":"2024-05-16T13:40:40+00:00","description":"The sports pool (25 x 10 meters) invites for a swim, a spacious lounging area is the perfect place to relax afterwards. Solarium and infrared booth provide cozy warmth and beautiful tan.","breadcrumb":{"@id":"https:\/\/urlaub-in-waldkirchen.de\/en\/water-park\/indoor-pool\/#breadcrumb"},"inLanguage":"en-US","potentialAction":[{"@type":"ReadAction","target":["https:\/\/urlaub-in-waldkirchen.de\/en\/water-park\/indoor-pool\/"]}]},{"@type":"BreadcrumbList","@id":"https:\/\/urlaub-in-waldkirchen.de\/en\/water-park\/indoor-pool\/#breadcrumb","itemListElement":[{"@type":"ListItem","position":1,"name":"Startseite","item":"https:\/\/urlaub-in-waldkirchen.de\/en\/"},{"@type":"ListItem","position":2,"name":"Water Park","item":"https:\/\/urlaub-in-waldkirchen.de\/en\/water-park\/"},{"@type":"ListItem","position":3,"name":"Indoor Pool"}]},{"@type":"WebSite","@id":"https:\/\/urlaub-in-waldkirchen.de\/#website","url":"https:\/\/urlaub-in-waldkirchen.de\/","name":"urlaub-in-waldkirchen.de","description":"","potentialAction":[{"@type":"SearchAction","target":{"@type":"EntryPoint","urlTemplate":"https:\/\/urlaub-in-waldkirchen.de\/?s={search_term_string}"},"query-input":{"@type":"PropertyValueSpecification","valueRequired":true,"valueName":"search_term_string"}}],"inLanguage":"en-US"}]}},"_links":{"self":[{"href":"https:\/\/urlaub-in-waldkirchen.de\/en\/wp-json\/wp\/v2\/pages\/3160","targetHints":{"allow":["GET"]}}],"collection":[{"href":"https:\/\/urlaub-in-waldkirchen.de\/en\/wp-json\/wp\/v2\/pages"}],"about":[{"href":"https:\/\/urlaub-in-waldkirchen.de\/en\/wp-json\/wp\/v2\/types\/page"}],"author":[{"embeddable":true,"href":"https:\/\/urlaub-in-waldkirchen.de\/en\/wp-json\/wp\/v2\/users\/2"}],"replies":[{"embeddable":true,"href":"https:\/\/urlaub-in-waldkirchen.de\/en\/wp-json\/wp\/v2\/comments?post=3160"}],"version-history":[{"count":10,"href":"https:\/\/urlaub-in-waldkirchen.de\/en\/wp-json\/wp\/v2\/pages\/3160\/revisions"}],"predecessor-version":[{"id":7117,"href":"https:\/\/urlaub-in-waldkirchen.de\/en\/wp-json\/wp\/v2\/pages\/3160\/revisions\/7117"}],"up":[{"embeddable":true,"href":"https:\/\/urlaub-in-waldkirchen.de\/en\/wp-json\/wp\/v2\/pages\/3018"}],"wp:attachment":[{"href":"https:\/\/urlaub-in-waldkirchen.de\/en\/wp-json\/wp\/v2\/media?parent=3160"}],"curies":[{"name":"wp","href":"https:\/\/api.w.org\/{rel}","templated":true}]}}