{"id":3165,"date":"2016-04-26T15:23:58","date_gmt":"2016-04-26T13:23:58","guid":{"rendered":"https:\/\/urlaub-in-waldkirchen.de\/en\/water-park\/freibad\/"},"modified":"2025-07-18T15:06:21","modified_gmt":"2025-07-18T13:06:21","slug":"outdoor-pool","status":"publish","type":"page","link":"https:\/\/urlaub-in-waldkirchen.de\/en\/water-park\/outdoor-pool\/","title":{"rendered":"Outdoor Pool"},"content":{"rendered":"<div class=\"wpb-content-wrapper\"><p>[vc_row][vc_column][vc_empty_space height=&#8221;20px&#8221;][vc_column_text css=&#8221;&#8221;]<\/p>\n<h1>Der Karoli-Badepark &#8211; das neue Freibad &#8211; Sommervergn\u00fcgen f\u00fcr Jung und Alt<\/h1>\n<p>[\/vc_column_text][\/vc_column][\/vc_row][vc_row][vc_column][vc_column_text css=&#8221;&#8221;]Erfrischender Badespass zu jeder Jahreszeit. Der Waldkirchner Badepark mit dem herrlichen <a href=\"https:\/\/urlaub-in-waldkirchen.de\/badepark\/mediterraneum\/\">Mediterraneum<\/a>, <a href=\"https:\/\/urlaub-in-waldkirchen.de\/badepark\/hallenbad\/\">Hallenbad<\/a> und Sauna lockt im Sommer wie im Winter Badefreunde auf den Karoliberg. Ausgerichtet nach S\u00fcden zur Sonne und mit einem einmaligen Fernblick.<\/p>\n<p>Im nagelneuen solarbeheizten Freibad (ge\u00f6ffnet seit Pfingsten 2025) erwartet die kleinen und gro\u00dfen G\u00e4ste ein unbegrenzter Badespass. Eine Kletterwand, eine Breitwasserrutsche oder der Wasserfall und Str\u00f6mungskanal \u2013 da vergehen Badetage viel zu schnell! Man kann ein paar Bahnen im Schwimmerbecken ziehen und sich anschlie\u00dfend bei den Massaged\u00fcsen die Muskeln lockern. F\u00fcr die kleinsten gibt es drei schattiger Planschbecken und einen Spielplatz direkt nebenan.<\/p>\n<p>Wenn der kleine oder gro\u00dfe Hunger kommt bietet das Restaurant Happiness im Badepark alles was das Herz begehrt. Egal ob Freibad-Pommes, Burger, ein leckeres Eis oder einfach nur ein erfrischendes kaltes Getr\u00e4nk \u2013 auf der Sonnenterrasse des Restaurants macht das einfach Spass!<\/p>\n<p>Das Freibad im Karoli Badepark hat bei entsprechender Witterung t\u00e4glich von 10:00 \u2013 20:00 Uhr ge\u00f6ffnet.<\/p>\n<p>Einen Flyer mit <a href=\"https:\/\/urlaub-in-waldkirchen.de\/badepark\/gebuehren-und-oeffnungszeiten\/\">\u00d6ffnungszeiten und Preisen<\/a> erhalten Sie in\u00a0unserem\u00a0<a href=\"https:\/\/urlaub-in-waldkirchen.de\/info\/tourismusbuero\/\">Touristinfo<\/a>\u00a0oder zum Download bei den <a href=\"https:\/\/urlaub-in-waldkirchen.de\/info\/prospekte\/\">Prospekten<\/a>.<\/p>\n<p>Weitere Infos zu Preisen und Rabatten finden\u00a0Sie <a href=\"https:\/\/urlaub-in-waldkirchen.de\/badepark\/gebuehren-und-oeffnungszeiten\/\">hier &gt;&gt;<\/a>[\/vc_column_text][\/vc_column][\/vc_row][vc_row][vc_column][vc_masonry_media_grid element_width=&#8221;3&#8243; css=&#8221;&#8221; grid_id=&#8221;vc_gid:1752844327670-ee25fd92-7b8e-7&#8243; include=&#8221;7886,7900,7901,7894,7892,7891,7890,7888,7889,7887,7881,7893&#8243;][\/vc_column][\/vc_row][vc_row][vc_column][vc_separator color=&#8221;custom&#8221; accent_color=&#8221;#95c11f&#8221;][vc_btn title=&#8221;zur\u00fcck zur \u00dcbersicht&#8221; shape=&#8221;square&#8221; color=&#8221;green&#8221; size=&#8221;sm&#8221; align=&#8221;right&#8221; link=&#8221;url:http%3A%2F%2Furlaub-in-waldkirchen.de%2Fbadepark%2F|&#8221;][\/vc_column][\/vc_row]<\/p>\n<\/div>","protected":false},"excerpt":{"rendered":"<p>[vc_row][vc_column][vc_empty_space height=&#8221;20px&#8221;][vc_column_text css=&#8221;&#8221;] Der Karoli-Badepark &#8211; das neue Freibad &#8211; Sommervergn\u00fcgen f\u00fcr Jung und Alt [\/vc_column_text][\/vc_column][\/vc_row][vc_row][vc_column][vc_column_text css=&#8221;&#8221;]Erfrischender Badespass zu jeder Jahreszeit. Der Waldkirchner Badepark mit dem<span class=\"excerpt-hellip\"> [\u2026]<\/span><\/p>\n","protected":false},"author":2,"featured_media":-1,"parent":3018,"menu_order":0,"comment_status":"closed","ping_status":"closed","template":"","meta":{"footnotes":""},"class_list":["post-3165","page","type-page","status-publish","has-post-thumbnail","hentry"],"yoast_head":"<!-- This site is optimized with the Yoast SEO plugin v27.3 - https:\/\/yoast.com\/product\/yoast-seo-wordpress\/ -->\n<title>Outdoor Pool - urlaub-in-waldkirchen.de<\/title>\n<meta name=\"description\" content=\"Go for the fun and slide down a wide water chute into a solar-heated, olympic-sized swimming pool. Or splash about in the heated fun pool with waterfall and lazy river.\" \/>\n<meta name=\"robots\" content=\"index, follow, max-snippet:-1, max-image-preview:large, max-video-preview:-1\" \/>\n<link rel=\"canonical\" href=\"https:\/\/urlaub-in-waldkirchen.de\/en\/water-park\/outdoor-pool\/\" \/>\n<meta property=\"og:locale\" content=\"en_US\" \/>\n<meta property=\"og:type\" content=\"article\" \/>\n<meta property=\"og:title\" content=\"Outdoor Pool - urlaub-in-waldkirchen.de\" \/>\n<meta property=\"og:description\" content=\"Go for the fun and slide down a wide water chute into a solar-heated, olympic-sized swimming pool. Or splash about in the heated fun pool with waterfall and lazy river.\" \/>\n<meta property=\"og:url\" content=\"https:\/\/urlaub-in-waldkirchen.de\/en\/water-park\/outdoor-pool\/\" \/>\n<meta property=\"og:site_name\" content=\"urlaub-in-waldkirchen.de\" \/>\n<meta property=\"article:modified_time\" content=\"2025-07-18T13:06:21+00:00\" \/>\n<meta name=\"twitter:card\" content=\"summary_large_image\" \/>\n<meta name=\"twitter:label1\" content=\"Est. reading time\" \/>\n\t<meta name=\"twitter:data1\" content=\"2 minutes\" \/>\n<script type=\"application\/ld+json\" class=\"yoast-schema-graph\">{\"@context\":\"https:\\\/\\\/schema.org\",\"@graph\":[{\"@type\":\"WebPage\",\"@id\":\"https:\\\/\\\/urlaub-in-waldkirchen.de\\\/en\\\/water-park\\\/outdoor-pool\\\/\",\"url\":\"https:\\\/\\\/urlaub-in-waldkirchen.de\\\/en\\\/water-park\\\/outdoor-pool\\\/\",\"name\":\"Outdoor Pool - urlaub-in-waldkirchen.de\",\"isPartOf\":{\"@id\":\"https:\\\/\\\/urlaub-in-waldkirchen.de\\\/#website\"},\"datePublished\":\"2016-04-26T13:23:58+00:00\",\"dateModified\":\"2025-07-18T13:06:21+00:00\",\"description\":\"Go for the fun and slide down a wide water chute into a solar-heated, olympic-sized swimming pool. Or splash about in the heated fun pool with waterfall and lazy river.\",\"breadcrumb\":{\"@id\":\"https:\\\/\\\/urlaub-in-waldkirchen.de\\\/en\\\/water-park\\\/outdoor-pool\\\/#breadcrumb\"},\"inLanguage\":\"en-US\",\"potentialAction\":[{\"@type\":\"ReadAction\",\"target\":[\"https:\\\/\\\/urlaub-in-waldkirchen.de\\\/en\\\/water-park\\\/outdoor-pool\\\/\"]}]},{\"@type\":\"BreadcrumbList\",\"@id\":\"https:\\\/\\\/urlaub-in-waldkirchen.de\\\/en\\\/water-park\\\/outdoor-pool\\\/#breadcrumb\",\"itemListElement\":[{\"@type\":\"ListItem\",\"position\":1,\"name\":\"Startseite\",\"item\":\"https:\\\/\\\/urlaub-in-waldkirchen.de\\\/en\\\/\"},{\"@type\":\"ListItem\",\"position\":2,\"name\":\"Water Park\",\"item\":\"https:\\\/\\\/urlaub-in-waldkirchen.de\\\/en\\\/water-park\\\/\"},{\"@type\":\"ListItem\",\"position\":3,\"name\":\"Outdoor Pool\"}]},{\"@type\":\"WebSite\",\"@id\":\"https:\\\/\\\/urlaub-in-waldkirchen.de\\\/#website\",\"url\":\"https:\\\/\\\/urlaub-in-waldkirchen.de\\\/\",\"name\":\"urlaub-in-waldkirchen.de\",\"description\":\"\",\"potentialAction\":[{\"@type\":\"SearchAction\",\"target\":{\"@type\":\"EntryPoint\",\"urlTemplate\":\"https:\\\/\\\/urlaub-in-waldkirchen.de\\\/?s={search_term_string}\"},\"query-input\":{\"@type\":\"PropertyValueSpecification\",\"valueRequired\":true,\"valueName\":\"search_term_string\"}}],\"inLanguage\":\"en-US\"}]}<\/script>\n<!-- \/ Yoast SEO plugin. -->","yoast_head_json":{"title":"Outdoor Pool - urlaub-in-waldkirchen.de","description":"Go for the fun and slide down a wide water chute into a solar-heated, olympic-sized swimming pool. Or splash about in the heated fun pool with waterfall and lazy river.","robots":{"index":"index","follow":"follow","max-snippet":"max-snippet:-1","max-image-preview":"max-image-preview:large","max-video-preview":"max-video-preview:-1"},"canonical":"https:\/\/urlaub-in-waldkirchen.de\/en\/water-park\/outdoor-pool\/","og_locale":"en_US","og_type":"article","og_title":"Outdoor Pool - urlaub-in-waldkirchen.de","og_description":"Go for the fun and slide down a wide water chute into a solar-heated, olympic-sized swimming pool. Or splash about in the heated fun pool with waterfall and lazy river.","og_url":"https:\/\/urlaub-in-waldkirchen.de\/en\/water-park\/outdoor-pool\/","og_site_name":"urlaub-in-waldkirchen.de","article_modified_time":"2025-07-18T13:06:21+00:00","twitter_card":"summary_large_image","twitter_misc":{"Est. reading time":"2 minutes"},"schema":{"@context":"https:\/\/schema.org","@graph":[{"@type":"WebPage","@id":"https:\/\/urlaub-in-waldkirchen.de\/en\/water-park\/outdoor-pool\/","url":"https:\/\/urlaub-in-waldkirchen.de\/en\/water-park\/outdoor-pool\/","name":"Outdoor Pool - urlaub-in-waldkirchen.de","isPartOf":{"@id":"https:\/\/urlaub-in-waldkirchen.de\/#website"},"datePublished":"2016-04-26T13:23:58+00:00","dateModified":"2025-07-18T13:06:21+00:00","description":"Go for the fun and slide down a wide water chute into a solar-heated, olympic-sized swimming pool. Or splash about in the heated fun pool with waterfall and lazy river.","breadcrumb":{"@id":"https:\/\/urlaub-in-waldkirchen.de\/en\/water-park\/outdoor-pool\/#breadcrumb"},"inLanguage":"en-US","potentialAction":[{"@type":"ReadAction","target":["https:\/\/urlaub-in-waldkirchen.de\/en\/water-park\/outdoor-pool\/"]}]},{"@type":"BreadcrumbList","@id":"https:\/\/urlaub-in-waldkirchen.de\/en\/water-park\/outdoor-pool\/#breadcrumb","itemListElement":[{"@type":"ListItem","position":1,"name":"Startseite","item":"https:\/\/urlaub-in-waldkirchen.de\/en\/"},{"@type":"ListItem","position":2,"name":"Water Park","item":"https:\/\/urlaub-in-waldkirchen.de\/en\/water-park\/"},{"@type":"ListItem","position":3,"name":"Outdoor Pool"}]},{"@type":"WebSite","@id":"https:\/\/urlaub-in-waldkirchen.de\/#website","url":"https:\/\/urlaub-in-waldkirchen.de\/","name":"urlaub-in-waldkirchen.de","description":"","potentialAction":[{"@type":"SearchAction","target":{"@type":"EntryPoint","urlTemplate":"https:\/\/urlaub-in-waldkirchen.de\/?s={search_term_string}"},"query-input":{"@type":"PropertyValueSpecification","valueRequired":true,"valueName":"search_term_string"}}],"inLanguage":"en-US"}]}},"_links":{"self":[{"href":"https:\/\/urlaub-in-waldkirchen.de\/en\/wp-json\/wp\/v2\/pages\/3165","targetHints":{"allow":["GET"]}}],"collection":[{"href":"https:\/\/urlaub-in-waldkirchen.de\/en\/wp-json\/wp\/v2\/pages"}],"about":[{"href":"https:\/\/urlaub-in-waldkirchen.de\/en\/wp-json\/wp\/v2\/types\/page"}],"author":[{"embeddable":true,"href":"https:\/\/urlaub-in-waldkirchen.de\/en\/wp-json\/wp\/v2\/users\/2"}],"replies":[{"embeddable":true,"href":"https:\/\/urlaub-in-waldkirchen.de\/en\/wp-json\/wp\/v2\/comments?post=3165"}],"version-history":[{"count":8,"href":"https:\/\/urlaub-in-waldkirchen.de\/en\/wp-json\/wp\/v2\/pages\/3165\/revisions"}],"predecessor-version":[{"id":7907,"href":"https:\/\/urlaub-in-waldkirchen.de\/en\/wp-json\/wp\/v2\/pages\/3165\/revisions\/7907"}],"up":[{"embeddable":true,"href":"https:\/\/urlaub-in-waldkirchen.de\/en\/wp-json\/wp\/v2\/pages\/3018"}],"wp:featuredmedia":[{"embeddable":true,"href":"https:\/\/urlaub-in-waldkirchen.de\/en\/wp-json\/"}],"wp:attachment":[{"href":"https:\/\/urlaub-in-waldkirchen.de\/en\/wp-json\/wp\/v2\/media?parent=3165"}],"curies":[{"name":"wp","href":"https:\/\/api.w.org\/{rel}","templated":true}]}}