{"id":3394,"date":"2016-04-26T15:27:33","date_gmt":"2016-04-26T13:27:33","guid":{"rendered":"https:\/\/urlaub-in-waldkirchen.de\/en\/water-park\/gebuehren-und-oeffnungszeiten\/"},"modified":"2026-04-20T15:18:32","modified_gmt":"2026-04-20T13:18:32","slug":"opening-hours-fees","status":"publish","type":"page","link":"https:\/\/urlaub-in-waldkirchen.de\/en\/water-park\/opening-hours-fees\/","title":{"rendered":"Opening Hours &#038; Fees"},"content":{"rendered":"<div class=\"wpb-content-wrapper\"><p>[vc_row][vc_column][vc_empty_space height=&#8221;20px&#8221;][vc_column_text]<\/p>\n<h1>Der Karoli-Badepark &#8211;\u00a0\u00d6ffnungszeiten und Eintrittspreise<\/h1>\n<h3 style=\"text-align: left;\"><\/h3>\n<h3 style=\"text-align: left;\"><\/h3>\n<h3><\/h3>\n<p>[\/vc_column_text][\/vc_column][\/vc_row][vc_row][vc_column][vc_tta_tabs active_section=&#8221;1&#8243; no_fill_content_area=&#8221;true&#8221;][vc_tta_section title=&#8221;\u00d6ffnungszeiten&#8221; tab_id=&#8221;1470831554917-92302a37-d383&#8243;][vc_empty_space][vc_row_inner][vc_column_inner width=&#8221;1\/3&#8243;][vc_column_text css=&#8221;&#8221;]<\/p>\n<h4><span style=\"color: #95c11f;\">Hallenbad, Mediterraneum, Saunen, Kinderbecken, Whirlpool,\u00a0 \u00a0 \u00a0 \u00a0 \u00a0 \u00a0 \u00a0 \u00a0 \u00a0 \u00a0 \u00a0 \u00a0<\/span><span style=\"color: #95c11f;\">\u00a0 \u00a0 \u00a0 Au\u00dfenbecken<\/span><\/h4>\n<h4><strong>Der Karoli-Badepark hat wie folgt ge\u00f6ffnet:<\/strong><\/h4>\n<p>&nbsp;<\/p>\n<p><em style=\"color: #ff0000;\"><strong>\u00d6ffnungszeiten:<\/strong><\/em><\/p>\n<p><em style=\"color: #ff0000;\"><strong>t\u00e4glich von 10:00 bis 20:00 Uhr<\/strong><\/em><\/p>\n<p><span style=\"color: #ff0000;\"><strong><em>Dienstag und Donnerstag bis 21 Uhr<\/em><\/strong><\/span><\/p>\n<p><em style=\"color: #ff0000;\"><strong>Aqua-Fitness:\u00a0 \u00a0 \u00a0 \u00a0 \u00a0 Montag:\u00a0 \u00a0 \u00a018:30 Uhr bis 19:15 Uhr.<\/strong><\/em><\/p>\n<p><em style=\"color: #ff0000;\"><strong>\u00a0 \u00a0 \u00a0 \u00a0 \u00a0 \u00a0 \u00a0 \u00a0 \u00a0 \u00a0 \u00a0 \u00a0 \u00a0 \u00a0 \u00a0 \u00a0\u00a0\u00a0 Mittwoch:\u00a0 \u00a010:30 Uhr bis 11:15 Uhr.<\/strong><\/em><\/p>\n<p>&nbsp;<\/p>\n<p><span style=\"color: #ff0000;\">\u00a0<\/span>[\/vc_column_text][\/vc_column_inner][vc_column_inner width=&#8221;1\/3&#8243;][vc_column_text css=&#8221;&#8221;]<\/p>\n<h4><span style=\"color: #95c11f;\">Freibad<\/span><\/h4>\n<p>Unser Freibad hat t\u00e4glich von 10:00 Uhr bis 20:00 Uhr ge\u00f6ffnet.<\/p>\n<p><strong><span style=\"color: #ff0000;\">\u00a0<\/span><\/strong><em><strong><span style=\"color: #ff0000;\">Winterpause<\/span><\/strong><\/em>[\/vc_column_text][\/vc_column_inner][vc_column_inner width=&#8221;1\/3&#8243;][vc_column_text]<\/p>\n<h4><span style=\"color: #95c11f;\">Sonderregelungen<\/span><\/h4>\n<p><strong>Allerheiligen<\/strong> geschlossen<\/p>\n<p><strong>Heiliger Abend<\/strong> geschlossen<br \/>\n<strong>Silvester<\/strong> bis 16:00 Uhr ge\u00f6ffnet[\/vc_column_text][\/vc_column_inner][vc_column_inner][\/vc_column_inner][\/vc_row_inner][\/vc_tta_section][vc_tta_section title=&#8221;Eintrittspreise&#8221; tab_id=&#8221;1470831554968-35a0abaf-8dc8&#8243;][vc_empty_space][vc_row_inner][vc_column_inner width=&#8221;1\/3&#8243;][vc_column_text css=&#8221;&#8221;]<\/p>\n<h4><span style=\"color: #95c11f;\">Freibad<\/span><\/h4>\n<p><strong>Erwachsene<\/strong><br \/>\nTageskarte 6,00 \u20ac<br \/>\n10er-Karte 54,00 \u20ac<\/p>\n<p><strong>Jugendliche \/ Erm\u00e4\u00dfigte<\/strong><br \/>\nTageskarte 3,00 \u20ac<br \/>\n10er-Karte 27,00 \u20ac<\/p>\n<p><strong>Familie<\/strong><br \/>\nTageskarte 15,00 \u20ac<\/p>\n<p><strong><span style=\"color: #ff0000;\">NEU:<\/span> Abendtarif (G\u00fcltig von 17:00 &#8211; 20:00 Uhr)<\/strong><br \/>\nErwachsene: 4,00 \u20ac<br \/>\nKinder \/ Erm\u00e4\u00dfigte: 2,00 \u20ac<br \/>\nFamilien: 10,00 \u20ac[\/vc_column_text][\/vc_column_inner][vc_column_inner width=&#8221;1\/3&#8243;][vc_column_text css=&#8221;&#8221;]<\/p>\n<h4><span style=\"color: #95c11f;\">Hallenbad<\/span><\/h4>\n<p><strong>Erwachsene<\/strong><br \/>\nJede Stunde: 3,00 \u20ac &#8211; 10er-Karte 27,00 \u20ac<br \/>\nab 4 Stunden: Tageskarte 12,00 \u20ac &#8211; 10er-Karte 108,00 \u20ac<br \/>\nJahreskarte: 360,00 \u20ac<\/p>\n<p><strong>Jugendliche \/ Erm\u00e4\u00dfigte<\/strong><br \/>\nJede Stunde: 2,00 \u20ac &#8211; 10er-Karte 18,00 \u20ac<br \/>\nab 4 Stunden: Tageskarte 8,00 \u20ac &#8211; 10er-Karte 72,00 \u20ac<br \/>\nJahreskarte: 240,00 \u20ac<\/p>\n<p><strong>Familie<\/strong><br \/>\nJede Stunde: 8,00 \u20ac<br \/>\nab 5 Std. Tageskarte: 32,00 \u20ac[\/vc_column_text][\/vc_column_inner][vc_column_inner width=&#8221;1\/3&#8243;][vc_column_text css=&#8221;&#8221;]<\/p>\n<h4><span style=\"color: #95c11f;\">Hallenbad mit Mediterraneum<\/span><\/h4>\n<p><strong>Erwachsene<\/strong><br \/>\nJede Stunde: 4,50\u20ac &#8211; 10er-Karte 40,50\u20ac &#8211; Kurkarte 4,00\u20ac<br \/>\nab 4 Stunden: Tageskarte 18,00 &#8211; 10er-Karte 162,00\u20ac &#8211;<br \/>\nKurkarte 17,50 \u20ac<br \/>\nJahreskarte: 540,00 \u20ac<\/p>\n<p><strong>Jugendliche \/ Erm\u00e4\u00dfigte<\/strong><br \/>\nJede Stunde: 3,50\u20ac &#8211; 10er-Karte 31,50\u20ac &#8211; Kurkarte 3,00\u20ac<br \/>\nab 4 Stunden: Tageskarte 14,00 \u20ac &#8211; 10er-Karte 126,00 \u20ac &#8211;<br \/>\nKurkarte 13,50 \u20ac<br \/>\nJahreskarte: 420,00<\/p>\n<p><strong>Familie<\/strong><br \/>\nJede Stunde: 12,50 \u20ac<br \/>\nab 4 Stunden: Tageskarte: 50,00 \u20ac[\/vc_column_text][\/vc_column_inner][\/vc_row_inner][vc_column_text css=&#8221;&#8221;]<\/p>\n<h4><span style=\"color: #95c11f;\">Anmerkungen und Sonderregelungen<\/span><\/h4>\n<p><strong>Babys\/Kinder unter 6 Jahren<\/strong> zahlen eine Pauschale von 1,00 Euro.<\/p>\n<p><strong>Freien Eintritt haben<\/strong> Begleitpersonen von Schwerbehinderten, in deren Ausweis B, BL oder H eingetragen ist.<\/p>\n<p><strong>Jugendliche sind\u00a0<\/strong>Personen von 6 bis 17 Jahren.<\/p>\n<p><strong>Erm\u00e4\u00dfigten Eintritt <\/strong>erhalten\u00a0 Sch\u00fcler, Studenten, Schwerbehinderte und an einem freiwilligen sozialen bzw. \u00f6kologischen Jahr, oder am<br \/>\nBundesfreiwilligendienst teilnehmende Personen\u00a0(jeweils mit Ausweis).<\/p>\n<p><strong>Familien<\/strong> sind Eltern (max. 2 Erwachsene) mit eigenen Kindern (6 &#8211; 17 Jahre, max. 3 Kinder); Gro\u00dfeltern und\/oder Eltern mit ihren eigenen Enkelkindern und\/oder Kindern; getrennt lebende Elternteile mit Kinder; gleichgeschlechtliche Ehepartner mit eigenen, adoptierten oder Pflegekindern.<\/p>\n<p><strong>G\u00e4stekarte der Stadt Waldkirchen:<\/strong> 20% Nachlass auf den gebuchten Eintritt (Hallenbad, Kombikarte oder Freibad)<br \/>\n<strong>G\u00e4stekarte Nationalpark Ferienland\/VR-Bank Card plus:<\/strong> 0,50 Euro Nachlass (nur Kombikarten).<\/p>\n<p>Pfand wird bei der Erstausgabe von Bonus- und 10er-Karten in H\u00f6he von 3,- Euro erhoben.[\/vc_column_text][\/vc_tta_section][\/vc_tta_tabs][\/vc_column][\/vc_row][vc_row][vc_column][vc_column_text css=&#8221;&#8221;]Einen speziellen Flyer mit \u00d6ffnungszeiten und Preisen erhalten Sie zum Download bei den <a href=\"https:\/\/urlaub-in-waldkirchen.de\/info\/prospekte\/\">Prospekten<\/a>.<\/p>\n<p>Bei Fragen rund um \u00d6ffnungszeiten, Eintrittspreise sowie rund um das Angebot &#8220;Aqua-Gym&#8221; wenden Sie sich bitte w\u00e4hrend der aktuellen \u00d6ffnungszeiten direkt an das Team des Karoli &#8211; Badeparks unter <strong><span style=\"color: #ff0000;\">08581-986990.<\/span><\/strong><\/p>\n<p>&nbsp;<\/p>\n<h4><\/h4>\n<p>&nbsp;<\/p>\n<h4><\/h4>\n<p>[\/vc_column_text][\/vc_column][\/vc_row][vc_row][vc_column][vc_separator color=&#8221;custom&#8221; accent_color=&#8221;#95c11f&#8221;][vc_btn title=&#8221;zur\u00fcck zur \u00dcbersicht&#8221; shape=&#8221;square&#8221; color=&#8221;green&#8221; size=&#8221;sm&#8221; align=&#8221;right&#8221; link=&#8221;url:https%3A%2F%2Furlaub-in-waldkirchen.de%2Fen%2Fwater-park%2F|&#8221;][\/vc_column][\/vc_row]<\/p>\n<\/div>","protected":false},"excerpt":{"rendered":"<p>[vc_row][vc_column][vc_empty_space height=&#8221;20px&#8221;][vc_column_text] Der Karoli-Badepark &#8211;\u00a0\u00d6ffnungszeiten und Eintrittspreise [\/vc_column_text][\/vc_column][\/vc_row][vc_row][vc_column][vc_tta_tabs active_section=&#8221;1&#8243; no_fill_content_area=&#8221;true&#8221;][vc_tta_section title=&#8221;\u00d6ffnungszeiten&#8221; tab_id=&#8221;1470831554917-92302a37-d383&#8243;][vc_empty_space][vc_row_inner][vc_column_inner width=&#8221;1\/3&#8243;][vc_column_text css=&#8221;&#8221;] Hallenbad, Mediterraneum, Saunen, Kinderbecken, Whirlpool,\u00a0 \u00a0 \u00a0 \u00a0 \u00a0 \u00a0 \u00a0 \u00a0<span class=\"excerpt-hellip\"> [\u2026]<\/span><\/p>\n","protected":false},"author":2,"featured_media":-1,"parent":3018,"menu_order":0,"comment_status":"closed","ping_status":"closed","template":"","meta":{"footnotes":""},"class_list":["post-3394","page","type-page","status-publish","has-post-thumbnail","hentry"],"yoast_head":"<!-- This site is optimized with the Yoast SEO plugin v27.3 - https:\/\/yoast.com\/product\/yoast-seo-wordpress\/ -->\n<title>Opening Hours &amp; Fees - urlaub-in-waldkirchen.de<\/title>\n<meta name=\"description\" content=\"Der Karoli-Badepark: Alle \u00d6ffnungszeiten und Eintrittspreise auf einen Blick incl. PLANSCH-CARD\" \/>\n<meta name=\"robots\" content=\"index, follow, max-snippet:-1, max-image-preview:large, max-video-preview:-1\" \/>\n<link rel=\"canonical\" href=\"https:\/\/urlaub-in-waldkirchen.de\/en\/water-park\/opening-hours-fees\/\" \/>\n<meta property=\"og:locale\" content=\"en_US\" \/>\n<meta property=\"og:type\" content=\"article\" \/>\n<meta property=\"og:title\" content=\"Opening Hours &amp; Fees - urlaub-in-waldkirchen.de\" \/>\n<meta property=\"og:description\" content=\"Der Karoli-Badepark: Alle \u00d6ffnungszeiten und Eintrittspreise auf einen Blick incl. PLANSCH-CARD\" \/>\n<meta property=\"og:url\" content=\"https:\/\/urlaub-in-waldkirchen.de\/en\/water-park\/opening-hours-fees\/\" \/>\n<meta property=\"og:site_name\" content=\"urlaub-in-waldkirchen.de\" \/>\n<meta property=\"article:modified_time\" content=\"2026-04-20T13:18:32+00:00\" \/>\n<meta name=\"twitter:card\" content=\"summary_large_image\" \/>\n<meta name=\"twitter:label1\" content=\"Est. reading time\" \/>\n\t<meta name=\"twitter:data1\" content=\"3 minutes\" \/>\n<script type=\"application\/ld+json\" class=\"yoast-schema-graph\">{\"@context\":\"https:\\\/\\\/schema.org\",\"@graph\":[{\"@type\":\"WebPage\",\"@id\":\"https:\\\/\\\/urlaub-in-waldkirchen.de\\\/en\\\/water-park\\\/opening-hours-fees\\\/\",\"url\":\"https:\\\/\\\/urlaub-in-waldkirchen.de\\\/en\\\/water-park\\\/opening-hours-fees\\\/\",\"name\":\"Opening Hours & Fees - urlaub-in-waldkirchen.de\",\"isPartOf\":{\"@id\":\"https:\\\/\\\/urlaub-in-waldkirchen.de\\\/#website\"},\"datePublished\":\"2016-04-26T13:27:33+00:00\",\"dateModified\":\"2026-04-20T13:18:32+00:00\",\"description\":\"Der Karoli-Badepark: Alle \u00d6ffnungszeiten und Eintrittspreise auf einen Blick incl. PLANSCH-CARD\",\"breadcrumb\":{\"@id\":\"https:\\\/\\\/urlaub-in-waldkirchen.de\\\/en\\\/water-park\\\/opening-hours-fees\\\/#breadcrumb\"},\"inLanguage\":\"en-US\",\"potentialAction\":[{\"@type\":\"ReadAction\",\"target\":[\"https:\\\/\\\/urlaub-in-waldkirchen.de\\\/en\\\/water-park\\\/opening-hours-fees\\\/\"]}]},{\"@type\":\"BreadcrumbList\",\"@id\":\"https:\\\/\\\/urlaub-in-waldkirchen.de\\\/en\\\/water-park\\\/opening-hours-fees\\\/#breadcrumb\",\"itemListElement\":[{\"@type\":\"ListItem\",\"position\":1,\"name\":\"Startseite\",\"item\":\"https:\\\/\\\/urlaub-in-waldkirchen.de\\\/en\\\/\"},{\"@type\":\"ListItem\",\"position\":2,\"name\":\"Water Park\",\"item\":\"https:\\\/\\\/urlaub-in-waldkirchen.de\\\/en\\\/water-park\\\/\"},{\"@type\":\"ListItem\",\"position\":3,\"name\":\"Opening Hours &#038; Fees\"}]},{\"@type\":\"WebSite\",\"@id\":\"https:\\\/\\\/urlaub-in-waldkirchen.de\\\/#website\",\"url\":\"https:\\\/\\\/urlaub-in-waldkirchen.de\\\/\",\"name\":\"urlaub-in-waldkirchen.de\",\"description\":\"\",\"potentialAction\":[{\"@type\":\"SearchAction\",\"target\":{\"@type\":\"EntryPoint\",\"urlTemplate\":\"https:\\\/\\\/urlaub-in-waldkirchen.de\\\/?s={search_term_string}\"},\"query-input\":{\"@type\":\"PropertyValueSpecification\",\"valueRequired\":true,\"valueName\":\"search_term_string\"}}],\"inLanguage\":\"en-US\"}]}<\/script>\n<!-- \/ Yoast SEO plugin. -->","yoast_head_json":{"title":"Opening Hours & Fees - urlaub-in-waldkirchen.de","description":"Der Karoli-Badepark: Alle \u00d6ffnungszeiten und Eintrittspreise auf einen Blick incl. PLANSCH-CARD","robots":{"index":"index","follow":"follow","max-snippet":"max-snippet:-1","max-image-preview":"max-image-preview:large","max-video-preview":"max-video-preview:-1"},"canonical":"https:\/\/urlaub-in-waldkirchen.de\/en\/water-park\/opening-hours-fees\/","og_locale":"en_US","og_type":"article","og_title":"Opening Hours & Fees - urlaub-in-waldkirchen.de","og_description":"Der Karoli-Badepark: Alle \u00d6ffnungszeiten und Eintrittspreise auf einen Blick incl. PLANSCH-CARD","og_url":"https:\/\/urlaub-in-waldkirchen.de\/en\/water-park\/opening-hours-fees\/","og_site_name":"urlaub-in-waldkirchen.de","article_modified_time":"2026-04-20T13:18:32+00:00","twitter_card":"summary_large_image","twitter_misc":{"Est. reading time":"3 minutes"},"schema":{"@context":"https:\/\/schema.org","@graph":[{"@type":"WebPage","@id":"https:\/\/urlaub-in-waldkirchen.de\/en\/water-park\/opening-hours-fees\/","url":"https:\/\/urlaub-in-waldkirchen.de\/en\/water-park\/opening-hours-fees\/","name":"Opening Hours & Fees - urlaub-in-waldkirchen.de","isPartOf":{"@id":"https:\/\/urlaub-in-waldkirchen.de\/#website"},"datePublished":"2016-04-26T13:27:33+00:00","dateModified":"2026-04-20T13:18:32+00:00","description":"Der Karoli-Badepark: Alle \u00d6ffnungszeiten und Eintrittspreise auf einen Blick incl. PLANSCH-CARD","breadcrumb":{"@id":"https:\/\/urlaub-in-waldkirchen.de\/en\/water-park\/opening-hours-fees\/#breadcrumb"},"inLanguage":"en-US","potentialAction":[{"@type":"ReadAction","target":["https:\/\/urlaub-in-waldkirchen.de\/en\/water-park\/opening-hours-fees\/"]}]},{"@type":"BreadcrumbList","@id":"https:\/\/urlaub-in-waldkirchen.de\/en\/water-park\/opening-hours-fees\/#breadcrumb","itemListElement":[{"@type":"ListItem","position":1,"name":"Startseite","item":"https:\/\/urlaub-in-waldkirchen.de\/en\/"},{"@type":"ListItem","position":2,"name":"Water Park","item":"https:\/\/urlaub-in-waldkirchen.de\/en\/water-park\/"},{"@type":"ListItem","position":3,"name":"Opening Hours &#038; Fees"}]},{"@type":"WebSite","@id":"https:\/\/urlaub-in-waldkirchen.de\/#website","url":"https:\/\/urlaub-in-waldkirchen.de\/","name":"urlaub-in-waldkirchen.de","description":"","potentialAction":[{"@type":"SearchAction","target":{"@type":"EntryPoint","urlTemplate":"https:\/\/urlaub-in-waldkirchen.de\/?s={search_term_string}"},"query-input":{"@type":"PropertyValueSpecification","valueRequired":true,"valueName":"search_term_string"}}],"inLanguage":"en-US"}]}},"_links":{"self":[{"href":"https:\/\/urlaub-in-waldkirchen.de\/en\/wp-json\/wp\/v2\/pages\/3394","targetHints":{"allow":["GET"]}}],"collection":[{"href":"https:\/\/urlaub-in-waldkirchen.de\/en\/wp-json\/wp\/v2\/pages"}],"about":[{"href":"https:\/\/urlaub-in-waldkirchen.de\/en\/wp-json\/wp\/v2\/types\/page"}],"author":[{"embeddable":true,"href":"https:\/\/urlaub-in-waldkirchen.de\/en\/wp-json\/wp\/v2\/users\/2"}],"replies":[{"embeddable":true,"href":"https:\/\/urlaub-in-waldkirchen.de\/en\/wp-json\/wp\/v2\/comments?post=3394"}],"version-history":[{"count":10,"href":"https:\/\/urlaub-in-waldkirchen.de\/en\/wp-json\/wp\/v2\/pages\/3394\/revisions"}],"predecessor-version":[{"id":8149,"href":"https:\/\/urlaub-in-waldkirchen.de\/en\/wp-json\/wp\/v2\/pages\/3394\/revisions\/8149"}],"up":[{"embeddable":true,"href":"https:\/\/urlaub-in-waldkirchen.de\/en\/wp-json\/wp\/v2\/pages\/3018"}],"wp:featuredmedia":[{"embeddable":true,"href":"https:\/\/urlaub-in-waldkirchen.de\/en\/wp-json\/"}],"wp:attachment":[{"href":"https:\/\/urlaub-in-waldkirchen.de\/en\/wp-json\/wp\/v2\/media?parent=3394"}],"curies":[{"name":"wp","href":"https:\/\/api.w.org\/{rel}","templated":true}]}}