{"id":701,"date":"2016-04-05T12:53:58","date_gmt":"2016-04-05T10:53:58","guid":{"rendered":"https:\/\/urlaub-in-waldkirchen.de\/en\/urlaub-in-waldkirchen\/"},"modified":"2018-01-26T08:53:21","modified_gmt":"2018-01-26T07:53:21","slug":"holiday-in-waldkirchen","status":"publish","type":"page","link":"https:\/\/urlaub-in-waldkirchen.de\/en\/","title":{"rendered":"Holiday in Waldkirchen"},"content":{"rendered":"<div class=\"wpb-content-wrapper\"><p>[vc_row][vc_column][vc_empty_space height=&#8221;20px&#8221;][\/vc_column][\/vc_row][vc_row][vc_column width=&#8221;1\/4&#8243;][vc_column_text]<\/p>\n<h3><span style=\"color: #95c11f;\">Apps and\u00a0Social Media<\/span><\/h3>\n<p><a href=\"https:\/\/www.facebook.com\/tourismus.waldkirchen\" target=\"_blank\" rel=\"noopener\">FACEBOOK FANPAGE &gt;&gt;<\/a><\/p>\n<p><a href=\"https:\/\/www.youtube.com\/channel\/UCX1bNay9-rlICTSlHAIhe8A\" target=\"_blank\" rel=\"noopener\">YOUTUBE &gt;&gt;<\/a>[\/vc_column_text][\/vc_column][vc_column width=&#8221;1\/4&#8243;][vc_column_text]<\/p>\n<h3><span style=\"color: #95c11f;\">Brochures for download<\/span><\/h3>\n<p><a href=\"https:\/\/urlaub-in-waldkirchen.de\/wp-content\/uploads\/2017\/03\/Imagebroschuere_waki_web.pdf\" target=\"_blank\" rel=\"noopener\">VIRTUAL CATALOG &gt;&gt;<\/a><\/p>\n<p><a href=\"https:\/\/urlaub-in-waldkirchen.de\/wp-content\/uploads\/2017\/01\/GGV_2017_gesamt_2korrektur-2.pdf\" target=\"_blank\" rel=\"noopener\">LIST OF HOSTS &gt;&gt;<\/a><\/p>\n<p><a href=\"https:\/\/urlaub-in-waldkirchen.de\/wp-content\/uploads\/2016\/05\/freizeitfuehrer_Waldkirchen_web.pdf\" target=\"_blank\" rel=\"noopener\">LEISURE GUIDE &gt;&gt;<\/a>[\/vc_column_text][\/vc_column][vc_column width=&#8221;1\/4&#8243;][vc_column_text]<\/p>\n<h3><span style=\"color: #ffffff;\">.<\/span><\/h3>\n<p><a href=\"https:\/\/urlaub-in-waldkirchen.de\/wp-content\/uploads\/2016\/05\/QR_CODEflyer_web.pdf\" target=\"_blank\" rel=\"noopener\">CITY TOUR via QR CODE &gt;&gt;<\/a><\/p>\n<p><a href=\"https:\/\/urlaub-in-waldkirchen.de\/wp-content\/uploads\/2016\/05\/buergerbroschoere2015.pdf\" target=\"_blank\" rel=\"noopener\">CITIZENS\u2019 GUIDE &gt;&gt;<\/a><\/p>\n<p><a href=\"https:\/\/urlaub-in-waldkirchen.de\/wp-content\/uploads\/2018\/01\/Wirtebrosch\u00fcre_2018_internet.pdf\" target=\"_blank\" rel=\"noopener\">GASTRONOMY GUIDE &gt;&gt;<\/a>[\/vc_column_text][\/vc_column][vc_column width=&#8221;1\/4&#8243;][vc_single_image image=&#8221;1675&#8243; img_size=&#8221;230&#215;152&#8243; alignment=&#8221;center&#8221; style=&#8221;vc_box_shadow_3d&#8221; onclick=&#8221;custom_link&#8221; link=&#8221;https:\/\/urlaub-in-waldkirchen.de\/info\/gaestekarte\/&#8221;][\/vc_column][\/vc_row]<\/p>\n<\/div>","protected":false},"excerpt":{"rendered":"<p>[vc_row][vc_column][vc_empty_space height=&#8221;20px&#8221;][\/vc_column][\/vc_row][vc_row][vc_column width=&#8221;1\/4&#8243;][vc_column_text] Apps and\u00a0Social Media FACEBOOK FANPAGE &gt;&gt; YOUTUBE &gt;&gt;[\/vc_column_text][\/vc_column][vc_column width=&#8221;1\/4&#8243;][vc_column_text] Brochures for download VIRTUAL CATALOG &gt;&gt; LIST OF HOSTS &gt;&gt; LEISURE GUIDE &gt;&gt;[\/vc_column_text][\/vc_column][vc_column width=&#8221;1\/4&#8243;][vc_column_text]<span class=\"excerpt-hellip\"> [\u2026]<\/span><\/p>\n","protected":false},"author":2,"featured_media":0,"parent":0,"menu_order":0,"comment_status":"closed","ping_status":"closed","template":"","meta":{"footnotes":""},"class_list":["post-701","page","type-page","status-publish","hentry"],"yoast_head":"<!-- This site is optimized with the Yoast SEO plugin v27.3 - https:\/\/yoast.com\/product\/yoast-seo-wordpress\/ -->\n<title>Holiday in Waldkirchen im Bayrischen Wald - Sommer wie Winter<\/title>\n<meta name=\"description\" content=\"Urlaub im Bayrischen Wald, Radeln, Biken, Wandern, Golfen, Badespa\u00df und Wellness, Skispa\u00df total, Freizeit und Spa\u00df pur, Freuden f\u00fcr den Gaumen\" \/>\n<meta name=\"robots\" content=\"index, follow, max-snippet:-1, max-image-preview:large, max-video-preview:-1\" \/>\n<link rel=\"canonical\" href=\"https:\/\/urlaub-in-waldkirchen.de\/en\/\" \/>\n<meta property=\"og:locale\" content=\"en_US\" \/>\n<meta property=\"og:type\" content=\"article\" \/>\n<meta property=\"og:title\" content=\"Holiday in Waldkirchen im Bayrischen Wald - Sommer wie Winter\" \/>\n<meta property=\"og:description\" content=\"Urlaub im Bayrischen Wald, Radeln, Biken, Wandern, Golfen, Badespa\u00df und Wellness, Skispa\u00df total, Freizeit und Spa\u00df pur, Freuden f\u00fcr den Gaumen\" \/>\n<meta property=\"og:url\" content=\"https:\/\/urlaub-in-waldkirchen.de\/en\/\" \/>\n<meta property=\"og:site_name\" content=\"urlaub-in-waldkirchen.de\" \/>\n<meta property=\"article:modified_time\" content=\"2018-01-26T07:53:21+00:00\" \/>\n<meta name=\"twitter:card\" content=\"summary_large_image\" \/>\n<meta name=\"twitter:label1\" content=\"Est. reading time\" \/>\n\t<meta name=\"twitter:data1\" content=\"1 minute\" \/>\n<script type=\"application\/ld+json\" class=\"yoast-schema-graph\">{\"@context\":\"https:\\\/\\\/schema.org\",\"@graph\":[{\"@type\":\"WebPage\",\"@id\":\"https:\\\/\\\/urlaub-in-waldkirchen.de\\\/en\\\/\",\"url\":\"https:\\\/\\\/urlaub-in-waldkirchen.de\\\/en\\\/\",\"name\":\"Holiday in Waldkirchen im Bayrischen Wald - Sommer wie Winter\",\"isPartOf\":{\"@id\":\"https:\\\/\\\/urlaub-in-waldkirchen.de\\\/#website\"},\"datePublished\":\"2016-04-05T10:53:58+00:00\",\"dateModified\":\"2018-01-26T07:53:21+00:00\",\"description\":\"Urlaub im Bayrischen Wald, Radeln, Biken, Wandern, Golfen, Badespa\u00df und Wellness, Skispa\u00df total, Freizeit und Spa\u00df pur, Freuden f\u00fcr den Gaumen\",\"breadcrumb\":{\"@id\":\"https:\\\/\\\/urlaub-in-waldkirchen.de\\\/en\\\/#breadcrumb\"},\"inLanguage\":\"en-US\",\"potentialAction\":[{\"@type\":\"ReadAction\",\"target\":[\"https:\\\/\\\/urlaub-in-waldkirchen.de\\\/en\\\/\"]}]},{\"@type\":\"BreadcrumbList\",\"@id\":\"https:\\\/\\\/urlaub-in-waldkirchen.de\\\/en\\\/#breadcrumb\",\"itemListElement\":[{\"@type\":\"ListItem\",\"position\":1,\"name\":\"Startseite\",\"item\":\"https:\\\/\\\/urlaub-in-waldkirchen.de\\\/en\\\/\"},{\"@type\":\"ListItem\",\"position\":2,\"name\":\"Holiday in Waldkirchen\"}]},{\"@type\":\"WebSite\",\"@id\":\"https:\\\/\\\/urlaub-in-waldkirchen.de\\\/#website\",\"url\":\"https:\\\/\\\/urlaub-in-waldkirchen.de\\\/\",\"name\":\"urlaub-in-waldkirchen.de\",\"description\":\"\",\"potentialAction\":[{\"@type\":\"SearchAction\",\"target\":{\"@type\":\"EntryPoint\",\"urlTemplate\":\"https:\\\/\\\/urlaub-in-waldkirchen.de\\\/?s={search_term_string}\"},\"query-input\":{\"@type\":\"PropertyValueSpecification\",\"valueRequired\":true,\"valueName\":\"search_term_string\"}}],\"inLanguage\":\"en-US\"}]}<\/script>\n<!-- \/ Yoast SEO plugin. -->","yoast_head_json":{"title":"Holiday in Waldkirchen im Bayrischen Wald - Sommer wie Winter","description":"Urlaub im Bayrischen Wald, Radeln, Biken, Wandern, Golfen, Badespa\u00df und Wellness, Skispa\u00df total, Freizeit und Spa\u00df pur, Freuden f\u00fcr den Gaumen","robots":{"index":"index","follow":"follow","max-snippet":"max-snippet:-1","max-image-preview":"max-image-preview:large","max-video-preview":"max-video-preview:-1"},"canonical":"https:\/\/urlaub-in-waldkirchen.de\/en\/","og_locale":"en_US","og_type":"article","og_title":"Holiday in Waldkirchen im Bayrischen Wald - Sommer wie Winter","og_description":"Urlaub im Bayrischen Wald, Radeln, Biken, Wandern, Golfen, Badespa\u00df und Wellness, Skispa\u00df total, Freizeit und Spa\u00df pur, Freuden f\u00fcr den Gaumen","og_url":"https:\/\/urlaub-in-waldkirchen.de\/en\/","og_site_name":"urlaub-in-waldkirchen.de","article_modified_time":"2018-01-26T07:53:21+00:00","twitter_card":"summary_large_image","twitter_misc":{"Est. reading time":"1 minute"},"schema":{"@context":"https:\/\/schema.org","@graph":[{"@type":"WebPage","@id":"https:\/\/urlaub-in-waldkirchen.de\/en\/","url":"https:\/\/urlaub-in-waldkirchen.de\/en\/","name":"Holiday in Waldkirchen im Bayrischen Wald - Sommer wie Winter","isPartOf":{"@id":"https:\/\/urlaub-in-waldkirchen.de\/#website"},"datePublished":"2016-04-05T10:53:58+00:00","dateModified":"2018-01-26T07:53:21+00:00","description":"Urlaub im Bayrischen Wald, Radeln, Biken, Wandern, Golfen, Badespa\u00df und Wellness, Skispa\u00df total, Freizeit und Spa\u00df pur, Freuden f\u00fcr den Gaumen","breadcrumb":{"@id":"https:\/\/urlaub-in-waldkirchen.de\/en\/#breadcrumb"},"inLanguage":"en-US","potentialAction":[{"@type":"ReadAction","target":["https:\/\/urlaub-in-waldkirchen.de\/en\/"]}]},{"@type":"BreadcrumbList","@id":"https:\/\/urlaub-in-waldkirchen.de\/en\/#breadcrumb","itemListElement":[{"@type":"ListItem","position":1,"name":"Startseite","item":"https:\/\/urlaub-in-waldkirchen.de\/en\/"},{"@type":"ListItem","position":2,"name":"Holiday in Waldkirchen"}]},{"@type":"WebSite","@id":"https:\/\/urlaub-in-waldkirchen.de\/#website","url":"https:\/\/urlaub-in-waldkirchen.de\/","name":"urlaub-in-waldkirchen.de","description":"","potentialAction":[{"@type":"SearchAction","target":{"@type":"EntryPoint","urlTemplate":"https:\/\/urlaub-in-waldkirchen.de\/?s={search_term_string}"},"query-input":{"@type":"PropertyValueSpecification","valueRequired":true,"valueName":"search_term_string"}}],"inLanguage":"en-US"}]}},"_links":{"self":[{"href":"https:\/\/urlaub-in-waldkirchen.de\/en\/wp-json\/wp\/v2\/pages\/701","targetHints":{"allow":["GET"]}}],"collection":[{"href":"https:\/\/urlaub-in-waldkirchen.de\/en\/wp-json\/wp\/v2\/pages"}],"about":[{"href":"https:\/\/urlaub-in-waldkirchen.de\/en\/wp-json\/wp\/v2\/types\/page"}],"author":[{"embeddable":true,"href":"https:\/\/urlaub-in-waldkirchen.de\/en\/wp-json\/wp\/v2\/users\/2"}],"replies":[{"embeddable":true,"href":"https:\/\/urlaub-in-waldkirchen.de\/en\/wp-json\/wp\/v2\/comments?post=701"}],"version-history":[{"count":4,"href":"https:\/\/urlaub-in-waldkirchen.de\/en\/wp-json\/wp\/v2\/pages\/701\/revisions"}],"predecessor-version":[{"id":4601,"href":"https:\/\/urlaub-in-waldkirchen.de\/en\/wp-json\/wp\/v2\/pages\/701\/revisions\/4601"}],"wp:attachment":[{"href":"https:\/\/urlaub-in-waldkirchen.de\/en\/wp-json\/wp\/v2\/media?parent=701"}],"curies":[{"name":"wp","href":"https:\/\/api.w.org\/{rel}","templated":true}]}}