{"id":955,"date":"2016-04-29T14:34:50","date_gmt":"2016-04-29T12:34:50","guid":{"rendered":"https:\/\/urlaub-in-waldkirchen.de\/en\/wohnmobilstellplaetze-am-karoli\/"},"modified":"2025-10-20T14:21:50","modified_gmt":"2025-10-20T12:21:50","slug":"camper-parking-site-at-karoli","status":"publish","type":"page","link":"https:\/\/urlaub-in-waldkirchen.de\/en\/info\/camper-parking-site-at-karoli\/","title":{"rendered":"Camper parking site at Karoli"},"content":{"rendered":"<div class=\"wpb-content-wrapper\"><p>[vc_row][vc_column][vc_column_text css=&#8221;&#8221;][\/vc_column_text][\/vc_column][\/vc_row][vc_row][vc_column][vc_empty_space height=&#8221;20px&#8221;][vc_column_text]<\/p>\n<h1>Wohnmobilstellpl\u00e4tze in Waldkirchen<\/h1>\n<h4>Stellplatzinfos f\u00fcr Camper in Waldkirchen<\/h4>\n<p>[\/vc_column_text][vc_separator color=&#8221;custom&#8221; accent_color=&#8221;#95c11f&#8221;][\/vc_column][\/vc_row][vc_row][vc_column][vc_column_text]<br \/><!-- \/wp:post-content --><\/p>\n<p><!-- wp:shortcode --><br \/>[\/vc_column_text][\/vc_column][\/vc_row][vc_row][vc_column][vc_column_text]Wer im Wohnmobil verreist, hat alle Annehmlichkeiten an Bord. Und wenn ein Ort ausgiebig erkundet ist, geht es weiter zum N\u00e4chsten. Waldkirchen bietet f\u00fcr Wohnw\u00e4gen und Wohnmobile folgende Stellpl\u00e4tze an:[\/vc_column_text][vc_row_inner][vc_column_inner width=&#8221;1\/2&#8243;][vc_column_text css=&#8221;&#8221;]<\/p>\n<h3>10 Wohnmobilstellpl\u00e4tze am Karoli | VdK-Heim-Stra\u00dfe<\/h3>\n<ul>\n<li>Stellplatz f\u00fcr Wohnmobile (nicht Wohnw\u00e4gen) f\u00fcr die Dauer von maximal 5 Tage<\/li>\n<li>Geb\u00fchr: EUR 16 pro 24 Stunden, Parkautomat direkt am Platz, Kurtaxe inklusive<\/li>\n<li>Gutschein f\u00fcr 20% Nachlass beim Eintritt Karoli Badepark inklusive<\/li>\n<li>Versorgungsstation f\u00fcr Trinkwasser, <strong>100 l \u2013 1,00 \u20ac<\/strong><\/li>\n<li>Schmutzwasserentsorgung, kostenlos<\/li>\n<li>3 Stroms\u00e4ulen &#8211;\u00a01 Haupts\u00e4ule mit 4 Anschl\u00fcssen &#8211; 2 S\u00e4ulen mit je 4 Anschl\u00fcssen<\/li>\n<li><strong>Stromkosten: 1 KW\/h \u2013 0,50 \u20ac<\/strong><\/li>\n<li>Der Parkplatz ist geschottert und abends beleuchtet<\/li>\n<li>Anfahrt unbedingt \u00fcber Ringmauerstra\u00dfe \u2013 Hauzenberger Stra\u00dfe \u2013 VdK-Heim-Stra\u00dfe (Anfahrt \u00fcber Graben wie vom Navi vorgegeben ist ungeeignet.)<\/li>\n<li>Duschm\u00f6glichkeit im <a href=\"https:\/\/urlaub-in-waldkirchen.de\/badepark\/\">Karoli Badepark<\/a> (gegen Geb\u00fchr &#8211; w\u00e4hrend der \u00d6ffnungszeiten des Bads)<\/li>\n<li>direkt am Wanderweg und nahe dem Auen-Radweg (<a href=\"http:\/\/www.radgebiet-donau-moldau.de\">Radgebiet Donau-Moldau<\/a>)<\/li>\n<li>Citybushaltestelle (kostenlos) an der Karoli &#8211; Eishalle<\/li>\n<\/ul>\n<p>[\/vc_column_text][\/vc_column_inner][vc_column_inner width=&#8221;1\/2&#8243;][vc_column_text]<\/p>\n<h3>Anfahrt<\/h3>\n<p><iframe loading=\"lazy\" style=\"border: 0;\" src=\"https:\/\/www.google.com\/maps\/embed?pb=!1m21!1m12!1m3!1d2632.1166065885122!2d13.6014913158783!3d48.72236351822854!2m3!1f0!2f0!3f0!3m2!1i1024!2i768!4f13.1!4m6!3e0!4m0!4m3!3m2!1d48.7221973!2d13.6032345!5e0!3m2!1sde!2sde!4v1464010963843\" width=\"600\" height=\"350\" frameborder=\"0\" allowfullscreen=\"allowfullscreen\"><\/iframe>[\/vc_column_text][\/vc_column_inner][\/vc_row_inner][\/vc_column][\/vc_row][vc_row][vc_column][vc_column_text css=&#8221;&#8221;]<\/p>\n<p><!-- \/wp:shortcode -->\u00a0<\/p>\n<p><!-- wp:paragraph \/--><\/p>\n<p>&nbsp;<\/p>\n<p><!-- wp:heading {\"level\":3} --><\/p>\n<h3 class=\"wp-block-heading\">9 Wohnmobilstellpl\u00e4tze &#8220;Natur pur Bayerwald&#8221; | Oberh\u00f6henstetten<\/h3>\n<p><!-- \/wp:heading --><\/p>\n<p>&nbsp;<\/p>\n<p><!-- wp:list --><\/p>\n<ul class=\"wp-block-list\">\n<li style=\"list-style-type: none;\">\n<ul class=\"wp-block-list\"><!-- wp:list-item --><\/p>\n<li>Stellplatz f\u00fcr Wohnmobile | Oberh\u00f6henstetten 37, 94065 Waldkirchen, Tel. 0173-8745904<\/li>\n<p><!-- \/wp:list-item --><\/p>\n<p><!-- wp:list-item --><\/p>\n<li>Geb\u00fchr: EUR 10 pro 24 Stunden zzgl. der orts\u00fcblichen Kurtaxe<\/li>\n<p><!-- \/wp:list-item --><\/p>\n<p><!-- wp:list-item --><\/p>\n<li>Versorgungsstation f\u00fcr Trinkwasser, <strong>70l \u2013 1,00 \u20ac<\/strong><\/li>\n<p><!-- \/wp:list-item --><\/p>\n<p><!-- wp:list-item --><\/p>\n<li>Schmutzwasserentsorgung, kostenlos<\/li>\n<p><!-- \/wp:list-item --><\/p>\n<p><!-- wp:list-item --><\/p>\n<li><strong>Stromkosten: 1 KW\/h \u2013 0,50 \u20ac<\/strong><\/li>\n<p><!-- \/wp:list-item --><\/p>\n<p><!-- wp:list-item --><\/p>\n<li>Der Parkplatz ist geschottert<\/li>\n<p><!-- \/wp:list-item --><\/p>\n<p><!-- wp:list-item --><\/p>\n<li>es wird ein Br\u00f6tchenservice angeboten<\/li>\n<p><!-- \/wp:list-item --><\/p>\n<p><!-- wp:list-item --><\/p>\n<li>Hunde gegen Geb\u00fchr erlaubt<\/li>\n<p><!-- \/wp:list-item --><\/p>\n<p><!-- wp:list-item --><\/p>\n<li>direkt am Wanderweg und nahe dem Adalbert-Stifter-Radweg (<a href=\"http:\/\/www.radgebiet-donau-moldau.de\">Radgebiet Donau-Moldau<\/a>)<\/li>\n<p><!-- \/wp:list-item --><\/p>\n<p><!-- wp:list-item --><\/p>\n<li><a href=\"https:\/\/www.frgmobil.de\/trip-request-screen\">\u00d6PNV &#8211; Haltestelle<\/a> fu\u00dfl\u00e4ufig erreichbar<\/li>\n<\/ul>\n<\/li>\n<\/ul>\n<p><!-- \/wp:list-item --><\/p>\n<p><!-- \/wp:list -->\u00a0<\/p>\n<p><!-- wp:paragraph \/--><\/p>\n<p>&nbsp;<\/p>\n<p><!-- wp:heading {\"level\":3} --><\/p>\n<h3 class=\"wp-block-heading\">Camping Resort Bayerwald | Dorn<\/h3>\n<p><!-- \/wp:heading --><\/p>\n<p>&nbsp;<\/p>\n<p><!-- wp:list --><\/p>\n<ul class=\"wp-block-list\">\n<li style=\"list-style-type: none;\">\n<ul class=\"wp-block-list\"><!-- wp:list-item --><\/p>\n<li>Neu entstehender Campingplatz auf dem Gel\u00e4nde des ehemaligen Golfplatz<\/li>\n<p><!-- \/wp:list-item --><\/p>\n<p><!-- wp:list-item --><\/p>\n<li>Camping Resort Bayerwald, Frauenwaldstr. 2, 94065 Waldkirchen, Tel. 08581-989400<\/li>\n<p><!-- \/wp:list-item --><\/p>\n<p><!-- wp:list-item --><\/p>\n<li>Geb\u00fchr: ab EUR 16 pro 24 Stunden\/2 Pers., zzgl. der orts\u00fcblichen Kurtaxe<\/li>\n<p><!-- \/wp:list-item --><\/p>\n<p><!-- wp:list-item --><\/p>\n<li>derzeit 160 Stellpl\u00e4tze fertig! (Stand 14.07.2025)<\/li>\n<p><!-- \/wp:list-item --><\/p>\n<p><!-- wp:list-item --><\/p>\n<li>Versorgungsstation f\u00fcr Trinkwasser, <strong>100 l \u2013 1,00 \u20ac<\/strong><\/li>\n<p><!-- \/wp:list-item --><\/p>\n<p><!-- wp:list-item --><\/p>\n<li>Schmutzwasserentsorgung, kostenlos<\/li>\n<p><!-- \/wp:list-item --><\/p>\n<p><!-- wp:list-item --><\/p>\n<li><strong>Stromkosten: 1 KW\/h \u2013 0,80 \u20ac<\/strong><\/li>\n<p><!-- \/wp:list-item --><\/p>\n<p><!-- wp:list-item --><\/p>\n<li>Vier gro\u00dfz\u00fcgig gestaltete Privatb\u00e4der stehen zur Verf\u00fcgung<\/li>\n<p><!-- \/wp:list-item --><\/p>\n<p><!-- wp:list-item --><\/p>\n<li>direkt an mehreren Wanderwegen und nahe dem Auen-Radweg (<a href=\"http:\/\/www.radgebiet-donau-moldau.de\">Radgebiet Donau-Moldau<\/a>)<\/li>\n<p><!-- \/wp:list-item --><\/p>\n<p><!-- wp:list-item --><\/p>\n<li><a href=\"https:\/\/www.frgmobil.de\/trip-request-screen\">\u00d6PNV &#8211; Haltestelle<\/a> direkt am Camping Resort<\/li>\n<p><!-- \/wp:list-item --><\/p>\n<p><!-- wp:list-item --><\/p>\n<li>EBIKE &#8211; Verleihstation nur 1km entfernt (<a href=\"http:\/\/www.ebike-waldkirchen.de\">Fa. MietRADL<\/a>)<\/li>\n<p><!-- \/wp:list-item --><\/p>\n<p><!-- wp:list-item --><\/p>\n<li>Restaurant<a href=\"https:\/\/campingresort-bayerwald.de\/restaurant-zum-sepp\"> &#8220;Zum Sepp&#8221;<\/a> direkt am Platz, u.a. t\u00e4gliches Fr\u00fchst\u00fccksbuffet<\/li>\n<\/ul>\n<\/li>\n<\/ul>\n<p><!-- \/wp:list-item --><\/p>\n<p>&nbsp;<\/p>\n<p><!-- \/wp:list --><\/p>\n<p>&nbsp;<\/p>\n<p><!-- wp:paragraph \/--><\/p>\n<p>&nbsp;<\/p>\n<p><!-- wp:paragraph \/--><\/p>\n<p>&nbsp;<\/p>\n<p><!-- wp:heading --><\/p>\n<h2 class=\"wp-block-heading\">Wohnmobilstellplatz am Breinhof<\/h2>\n<p><!-- \/wp:heading --><\/p>\n<p>&nbsp;<\/p>\n<p><!-- wp:list --><\/p>\n<ul class=\"wp-block-list\">\n<li style=\"list-style-type: none;\">\n<ul class=\"wp-block-list\"><!-- wp:list-item --><\/p>\n<li>3 Stellpl\u00e4tze f\u00fcr Wohnmobil oder Wohnwagen direkt am Breinhof (Telefon: 08581-8567 oder 08581-988437)<\/li>\n<p><!-- \/wp:list-item --><\/p>\n<p><!-- wp:list-item --><\/p>\n<li>direkt am Breinhof Urlaubsbauernhof<\/li>\n<p><!-- \/wp:list-item --><\/p>\n<p><!-- wp:list-item --><\/p>\n<li>Untergrund entweder Wiese oder Schotter<\/li>\n<p><!-- \/wp:list-item --><\/p>\n<p><!-- wp:list-item --><\/p>\n<li>30 EUR pro Nacht (2 Personen inkl.), jede weitere Person 5 EUR, zzgl. der orts\u00fcblichen Kurtaxe<\/li>\n<p><!-- \/wp:list-item --><\/p>\n<p><!-- wp:list-item --><\/p>\n<li>Br\u00f6tchenservice oder Fr\u00fchst\u00fcckskorb (Aufpreis)<\/li>\n<p><!-- \/wp:list-item --><\/p>\n<p><!-- wp:list-item --><\/p>\n<li>Strom sowie Frischwasser inklusive<\/li>\n<p><!-- \/wp:list-item --><\/p>\n<p><!-- wp:list-item --><\/p>\n<li>Sauna- und Sanit\u00e4ranlage mit Dusche\/WC sowie Wasch- und Sp\u00fclbecken<\/li>\n<p><!-- \/wp:list-item --><\/p>\n<p><!-- wp:list-item --><\/p>\n<li>Sauna sep. buchbar<\/li>\n<\/ul>\n<\/li>\n<\/ul>\n<p>[\/vc_column_text][\/vc_column][\/vc_row]<\/p>\n<!-- \/wp:list-item --><\/div>","protected":false},"excerpt":{"rendered":"<p>[vc_row][vc_column][vc_column_text css=&#8221;&#8221;][\/vc_column_text][\/vc_column][\/vc_row][vc_row][vc_column][vc_empty_space height=&#8221;20px&#8221;][vc_column_text] Wohnmobilstellpl\u00e4tze in Waldkirchen Stellplatzinfos f\u00fcr Camper in Waldkirchen [\/vc_column_text][vc_separator color=&#8221;custom&#8221; accent_color=&#8221;#95c11f&#8221;][\/vc_column][\/vc_row][vc_row][vc_column][vc_column_text] [\/vc_column_text][\/vc_column][\/vc_row][vc_row][vc_column][vc_column_text]Wer im Wohnmobil verreist, hat alle Annehmlichkeiten an Bord. Und wenn ein<span class=\"excerpt-hellip\"> [\u2026]<\/span><\/p>\n","protected":false},"author":2,"featured_media":-1,"parent":1082,"menu_order":0,"comment_status":"closed","ping_status":"closed","template":"","meta":{"footnotes":""},"class_list":["post-955","page","type-page","status-publish","has-post-thumbnail","hentry"],"yoast_head":"<!-- This site is optimized with the Yoast SEO plugin v27.3 - https:\/\/yoast.com\/product\/yoast-seo-wordpress\/ -->\n<title>Camper parking site at Karoli - urlaub-in-waldkirchen.de<\/title>\n<meta name=\"description\" content=\"Those traveling in a motorhome have all kinds of amenities on board. And when a place has been fully explored, you go on to the next location. Waldkirchen offers the following sites for all of your mobile homes\" \/>\n<meta name=\"robots\" content=\"index, follow, max-snippet:-1, max-image-preview:large, max-video-preview:-1\" \/>\n<link rel=\"canonical\" href=\"https:\/\/urlaub-in-waldkirchen.de\/en\/info\/camper-parking-site-at-karoli\/\" \/>\n<meta property=\"og:locale\" content=\"en_US\" \/>\n<meta property=\"og:type\" content=\"article\" \/>\n<meta property=\"og:title\" content=\"Camper parking site at Karoli - urlaub-in-waldkirchen.de\" \/>\n<meta property=\"og:description\" content=\"Those traveling in a motorhome have all kinds of amenities on board. And when a place has been fully explored, you go on to the next location. Waldkirchen offers the following sites for all of your mobile homes\" \/>\n<meta property=\"og:url\" content=\"https:\/\/urlaub-in-waldkirchen.de\/en\/info\/camper-parking-site-at-karoli\/\" \/>\n<meta property=\"og:site_name\" content=\"urlaub-in-waldkirchen.de\" \/>\n<meta property=\"article:modified_time\" content=\"2025-10-20T12:21:50+00:00\" \/>\n<meta name=\"twitter:card\" content=\"summary_large_image\" \/>\n<meta name=\"twitter:label1\" content=\"Est. reading time\" \/>\n\t<meta name=\"twitter:data1\" content=\"3 minutes\" \/>\n<script type=\"application\/ld+json\" class=\"yoast-schema-graph\">{\"@context\":\"https:\\\/\\\/schema.org\",\"@graph\":[{\"@type\":\"WebPage\",\"@id\":\"https:\\\/\\\/urlaub-in-waldkirchen.de\\\/en\\\/info\\\/camper-parking-site-at-karoli\\\/\",\"url\":\"https:\\\/\\\/urlaub-in-waldkirchen.de\\\/en\\\/info\\\/camper-parking-site-at-karoli\\\/\",\"name\":\"Camper parking site at Karoli - urlaub-in-waldkirchen.de\",\"isPartOf\":{\"@id\":\"https:\\\/\\\/urlaub-in-waldkirchen.de\\\/#website\"},\"datePublished\":\"2016-04-29T12:34:50+00:00\",\"dateModified\":\"2025-10-20T12:21:50+00:00\",\"description\":\"Those traveling in a motorhome have all kinds of amenities on board. And when a place has been fully explored, you go on to the next location. Waldkirchen offers the following sites for all of your mobile homes\",\"breadcrumb\":{\"@id\":\"https:\\\/\\\/urlaub-in-waldkirchen.de\\\/en\\\/info\\\/camper-parking-site-at-karoli\\\/#breadcrumb\"},\"inLanguage\":\"en-US\",\"potentialAction\":[{\"@type\":\"ReadAction\",\"target\":[\"https:\\\/\\\/urlaub-in-waldkirchen.de\\\/en\\\/info\\\/camper-parking-site-at-karoli\\\/\"]}]},{\"@type\":\"BreadcrumbList\",\"@id\":\"https:\\\/\\\/urlaub-in-waldkirchen.de\\\/en\\\/info\\\/camper-parking-site-at-karoli\\\/#breadcrumb\",\"itemListElement\":[{\"@type\":\"ListItem\",\"position\":1,\"name\":\"Startseite\",\"item\":\"https:\\\/\\\/urlaub-in-waldkirchen.de\\\/en\\\/\"},{\"@type\":\"ListItem\",\"position\":2,\"name\":\"Info\",\"item\":\"https:\\\/\\\/urlaub-in-waldkirchen.de\\\/en\\\/info\\\/\"},{\"@type\":\"ListItem\",\"position\":3,\"name\":\"Camper parking site at Karoli\"}]},{\"@type\":\"WebSite\",\"@id\":\"https:\\\/\\\/urlaub-in-waldkirchen.de\\\/#website\",\"url\":\"https:\\\/\\\/urlaub-in-waldkirchen.de\\\/\",\"name\":\"urlaub-in-waldkirchen.de\",\"description\":\"\",\"potentialAction\":[{\"@type\":\"SearchAction\",\"target\":{\"@type\":\"EntryPoint\",\"urlTemplate\":\"https:\\\/\\\/urlaub-in-waldkirchen.de\\\/?s={search_term_string}\"},\"query-input\":{\"@type\":\"PropertyValueSpecification\",\"valueRequired\":true,\"valueName\":\"search_term_string\"}}],\"inLanguage\":\"en-US\"}]}<\/script>\n<!-- \/ Yoast SEO plugin. -->","yoast_head_json":{"title":"Camper parking site at Karoli - urlaub-in-waldkirchen.de","description":"Those traveling in a motorhome have all kinds of amenities on board. And when a place has been fully explored, you go on to the next location. Waldkirchen offers the following sites for all of your mobile homes","robots":{"index":"index","follow":"follow","max-snippet":"max-snippet:-1","max-image-preview":"max-image-preview:large","max-video-preview":"max-video-preview:-1"},"canonical":"https:\/\/urlaub-in-waldkirchen.de\/en\/info\/camper-parking-site-at-karoli\/","og_locale":"en_US","og_type":"article","og_title":"Camper parking site at Karoli - urlaub-in-waldkirchen.de","og_description":"Those traveling in a motorhome have all kinds of amenities on board. And when a place has been fully explored, you go on to the next location. Waldkirchen offers the following sites for all of your mobile homes","og_url":"https:\/\/urlaub-in-waldkirchen.de\/en\/info\/camper-parking-site-at-karoli\/","og_site_name":"urlaub-in-waldkirchen.de","article_modified_time":"2025-10-20T12:21:50+00:00","twitter_card":"summary_large_image","twitter_misc":{"Est. reading time":"3 minutes"},"schema":{"@context":"https:\/\/schema.org","@graph":[{"@type":"WebPage","@id":"https:\/\/urlaub-in-waldkirchen.de\/en\/info\/camper-parking-site-at-karoli\/","url":"https:\/\/urlaub-in-waldkirchen.de\/en\/info\/camper-parking-site-at-karoli\/","name":"Camper parking site at Karoli - urlaub-in-waldkirchen.de","isPartOf":{"@id":"https:\/\/urlaub-in-waldkirchen.de\/#website"},"datePublished":"2016-04-29T12:34:50+00:00","dateModified":"2025-10-20T12:21:50+00:00","description":"Those traveling in a motorhome have all kinds of amenities on board. And when a place has been fully explored, you go on to the next location. Waldkirchen offers the following sites for all of your mobile homes","breadcrumb":{"@id":"https:\/\/urlaub-in-waldkirchen.de\/en\/info\/camper-parking-site-at-karoli\/#breadcrumb"},"inLanguage":"en-US","potentialAction":[{"@type":"ReadAction","target":["https:\/\/urlaub-in-waldkirchen.de\/en\/info\/camper-parking-site-at-karoli\/"]}]},{"@type":"BreadcrumbList","@id":"https:\/\/urlaub-in-waldkirchen.de\/en\/info\/camper-parking-site-at-karoli\/#breadcrumb","itemListElement":[{"@type":"ListItem","position":1,"name":"Startseite","item":"https:\/\/urlaub-in-waldkirchen.de\/en\/"},{"@type":"ListItem","position":2,"name":"Info","item":"https:\/\/urlaub-in-waldkirchen.de\/en\/info\/"},{"@type":"ListItem","position":3,"name":"Camper parking site at Karoli"}]},{"@type":"WebSite","@id":"https:\/\/urlaub-in-waldkirchen.de\/#website","url":"https:\/\/urlaub-in-waldkirchen.de\/","name":"urlaub-in-waldkirchen.de","description":"","potentialAction":[{"@type":"SearchAction","target":{"@type":"EntryPoint","urlTemplate":"https:\/\/urlaub-in-waldkirchen.de\/?s={search_term_string}"},"query-input":{"@type":"PropertyValueSpecification","valueRequired":true,"valueName":"search_term_string"}}],"inLanguage":"en-US"}]}},"_links":{"self":[{"href":"https:\/\/urlaub-in-waldkirchen.de\/en\/wp-json\/wp\/v2\/pages\/955","targetHints":{"allow":["GET"]}}],"collection":[{"href":"https:\/\/urlaub-in-waldkirchen.de\/en\/wp-json\/wp\/v2\/pages"}],"about":[{"href":"https:\/\/urlaub-in-waldkirchen.de\/en\/wp-json\/wp\/v2\/types\/page"}],"author":[{"embeddable":true,"href":"https:\/\/urlaub-in-waldkirchen.de\/en\/wp-json\/wp\/v2\/users\/2"}],"replies":[{"embeddable":true,"href":"https:\/\/urlaub-in-waldkirchen.de\/en\/wp-json\/wp\/v2\/comments?post=955"}],"version-history":[{"count":6,"href":"https:\/\/urlaub-in-waldkirchen.de\/en\/wp-json\/wp\/v2\/pages\/955\/revisions"}],"predecessor-version":[{"id":8025,"href":"https:\/\/urlaub-in-waldkirchen.de\/en\/wp-json\/wp\/v2\/pages\/955\/revisions\/8025"}],"up":[{"embeddable":true,"href":"https:\/\/urlaub-in-waldkirchen.de\/en\/wp-json\/wp\/v2\/pages\/1082"}],"wp:featuredmedia":[{"embeddable":true,"href":"https:\/\/urlaub-in-waldkirchen.de\/en\/wp-json\/"}],"wp:attachment":[{"href":"https:\/\/urlaub-in-waldkirchen.de\/en\/wp-json\/wp\/v2\/media?parent=955"}],"curies":[{"name":"wp","href":"https:\/\/api.w.org\/{rel}","templated":true}]}}